{"id":57309,"date":"2022-08-29T12:48:02","date_gmt":"2022-08-29T12:48:02","guid":{"rendered":"https:\/\/natur-perlen.dk\/?page_id=57309"},"modified":"2024-06-25T08:25:03","modified_gmt":"2024-06-25T08:25:03","slug":"panorama","status":"publish","type":"page","link":"https:\/\/natur-perlen.dk\/de\/vaerelser-og-lejligheder\/panorama\/","title":{"rendered":"Panorama"},"content":{"rendered":"<p>[et_pb_section fb_built=&#8221;1&#8243; _builder_version=&#8221;4.5.6&#8243; _module_preset=&#8221;default&#8221; background_image=&#8221;https:\/\/natur-perlen.dk\/wp-content\/uploads\/2020\/08\/backgroundpicture.jpg&#8221; parallax=&#8221;on&#8221; parallax_method=&#8221;off&#8221; custom_margin=&#8221;|2%|0px|2%|false|true&#8221; custom_padding=&#8221;0px||0px||false|false&#8221; border_color_top=&#8221;#669933&#8243; global_module=&#8221;584&#8243; collapsed=&#8221;off&#8221; global_colors_info=&#8221;{}&#8221;][et_pb_row _builder_version=&#8221;4.16&#8243; _module_preset=&#8221;default&#8221; global_colors_info=&#8221;{}&#8221;][et_pb_column type=&#8221;4_4&#8243; _builder_version=&#8221;4.16&#8243; _module_preset=&#8221;default&#8221; global_colors_info=&#8221;{}&#8221;][et_pb_divider show_divider=&#8221;off&#8221; _builder_version=&#8221;4.16&#8243; _module_preset=&#8221;default&#8221; custom_padding=&#8221;50px||50px||true|false&#8221; global_colors_info=&#8221;{}&#8221;][\/et_pb_divider][\/et_pb_column][\/et_pb_row][\/et_pb_section][et_pb_section fb_built=&#8221;1&#8243; _builder_version=&#8221;4.16&#8243; background_color=&#8221;#eff7f0&#8243; background_enable_image=&#8221;off&#8221; background_size=&#8221;initial&#8221; background_repeat=&#8221;repeat&#8221; custom_margin=&#8221;|2%|2%|2%|false|true&#8221; custom_padding=&#8221;110px||110px||true|false&#8221; global_colors_info=&#8221;{}&#8221;][et_pb_row column_structure=&#8221;2_5,3_5&#8243; use_custom_gutter=&#8221;on&#8221; gutter_width=&#8221;2&#8243; make_equal=&#8221;on&#8221; _builder_version=&#8221;4.16.1&#8243; _module_preset=&#8221;default&#8221; width=&#8221;96%&#8221; width_tablet=&#8221;90%&#8221; width_phone=&#8221;90%&#8221; width_last_edited=&#8221;on|phone&#8221; max_width=&#8221;1300px&#8221; max_width_tablet=&#8221;90%&#8221; max_width_phone=&#8221;90%&#8221; max_width_last_edited=&#8221;on|tablet&#8221; custom_margin=&#8221;|auto||auto|false|false&#8221; custom_padding=&#8221;3px||0px|||&#8221; locked=&#8221;off&#8221; global_colors_info=&#8221;{}&#8221;][et_pb_column type=&#8221;2_5&#8243; _builder_version=&#8221;4.16&#8243; _module_preset=&#8221;default&#8221; animation_style=&#8221;slide&#8221; animation_direction=&#8221;left&#8221; animation_delay=&#8221;200ms&#8221; animation_intensity_slide=&#8221;25%&#8221; global_colors_info=&#8221;{}&#8221;][et_pb_text _builder_version=&#8221;4.16&#8243; _module_preset=&#8221;d24f97e9-dc55-4b88-974a-50c38cc11ebf&#8221; animation_style=&#8221;none&#8221; global_colors_info=&#8221;{}&#8221;]<\/p>\n<h2>Panorama<\/h2>\n<p>[\/et_pb_text][et_pb_text _builder_version=&#8221;4.16.1&#8243; _module_preset=&#8221;1775bb8e-3404-4d95-8d49-944d1577bf91&#8243; text_orientation=&#8221;center&#8221; animation_style=&#8221;none&#8221; global_colors_info=&#8221;{}&#8221;]<\/p>\n<p>2-4 personer &#8211; 70m\u00b2 &#8211; 1 sal<\/p>\n<p>[\/et_pb_text][et_pb_text _builder_version=&#8221;4.25.2&#8243; _module_preset=&#8221;default&#8221; animation_style=&#8221;none&#8221; hover_enabled=&#8221;0&#8243; global_colors_info=&#8221;{}&#8221; sticky_enabled=&#8221;0&#8243;]<\/p>\n<p>Lejligheden PANORAMA har, som navnet antyder, panoramaudsigt over hele Genner Bugt.<\/p>\n<p>Lejligheden er indrettet med et lyst og l\u00e6kkert k\u00f8kkenalrum med stor spiseplads. I stuen er der sovesofa og en lille mediesektion med\u00a0 TV og B&amp;O anl\u00e6g (inkl. CD\u2019er).<\/p>\n<p>I sovev\u00e6relset finder du en l\u00e6kker dobbeltseng fra European House of Beds samt stort spejlskab.<\/p>\n<p>Det helt s\u00e6rlige ved PANORAMA er at du har havudsigt fra alle rum \u2013 du kan endda nyde udsigten fra den store l\u00e6kre dobbeltseng i sovev\u00e6relset, hvor glasd\u00f8re kan \u00e5bnes op indtil stue\/alrum.<\/p>\n<p>Der er direkte adgang til en stor tagterrasse og det f\u00e6lles spabad ligger lige om hj\u00f8rnet.<\/p>\n<p>&nbsp;<\/p>\n<p>[\/et_pb_text][et_pb_blurb image=&#8221;https:\/\/natur-perlen.dk\/wp-content\/uploads\/2022\/01\/Wifi_Ikon.svg&#8221; icon_placement=&#8221;left&#8221; image_icon_width=&#8221;85%&#8221; _builder_version=&#8221;4.16&#8243; _module_preset=&#8221;default&#8221; header_font=&#8221;Ubuntu||||||||&#8221; header_font_size=&#8221;16px&#8221; body_font=&#8221;Ubuntu|300|||||||&#8221; body_text_color=&#8221;#000000&#8243; body_letter_spacing=&#8221;1px&#8221; custom_margin=&#8221;0px||5px||false|false&#8221; custom_padding=&#8221;0px||0px||true|false&#8221; custom_css_main_element=&#8221;width: 49%;||float:left;&#8221; image_max_width=&#8221;85%&#8221; global_colors_info=&#8221;{}&#8221;]<\/p>\n<p>Gratis WiFi<\/p>\n<p>[\/et_pb_blurb][et_pb_blurb image=&#8221;https:\/\/natur-perlen.dk\/wp-content\/uploads\/2022\/01\/Grill.svg&#8221; icon_placement=&#8221;left&#8221; image_icon_width=&#8221;70%&#8221; _builder_version=&#8221;4.16&#8243; _module_preset=&#8221;default&#8221; header_font=&#8221;Ubuntu||||||||&#8221; header_font_size=&#8221;16px&#8221; body_font=&#8221;Ubuntu|300|||||||&#8221; body_text_color=&#8221;#000000&#8243; custom_margin=&#8221;0px||5px||false|false&#8221; custom_padding=&#8221;0px||0px||true|false&#8221; custom_css_main_element=&#8221;width: 49%;||float:left;&#8221; image_max_width=&#8221;70%&#8221; global_colors_info=&#8221;{}&#8221;]<\/p>\n<p>Egen terrasse m. BBQ<\/p>\n<p>[\/et_pb_blurb][et_pb_blurb image=&#8221;https:\/\/natur-perlen.dk\/wp-content\/uploads\/2022\/01\/Parkering_Ikon.svg&#8221; icon_placement=&#8221;left&#8221; image_icon_width=&#8221;77%&#8221; _builder_version=&#8221;4.16&#8243; _module_preset=&#8221;default&#8221; header_font=&#8221;Ubuntu||||||||&#8221; header_font_size=&#8221;16px&#8221; body_font=&#8221;Ubuntu|300|||||||&#8221; body_text_color=&#8221;#000000&#8243; body_letter_spacing=&#8221;1px&#8221; custom_margin=&#8221;0px||5px||false|false&#8221; custom_padding=&#8221;0px||0px||true|false&#8221; custom_css_main_element=&#8221;width: 49%;||float:left;&#8221; image_max_width=&#8221;77%&#8221; global_colors_info=&#8221;{}&#8221;]<\/p>\n<p>Gratis parkering<\/p>\n<p>[\/et_pb_blurb][et_pb_blurb image=&#8221;https:\/\/natur-perlen.dk\/wp-content\/uploads\/2022\/01\/Vaskemaskine_Ikon.svg&#8221; icon_placement=&#8221;left&#8221; image_icon_width=&#8221;75%&#8221; _builder_version=&#8221;4.16&#8243; _module_preset=&#8221;default&#8221; header_font=&#8221;Ubuntu||||||||&#8221; header_font_size=&#8221;16px&#8221; body_font=&#8221;Ubuntu|300|||||||&#8221; body_text_color=&#8221;#000000&#8243; body_letter_spacing=&#8221;1px&#8221; custom_margin=&#8221;0px||5px||false|false&#8221; custom_padding=&#8221;0px||0px||true|false&#8221; custom_css_main_element=&#8221;width: 49%;||float:left;&#8221; image_max_width=&#8221;75%&#8221; global_colors_info=&#8221;{}&#8221;]<\/p>\n<p>F\u00e6lles vaskemaskine<\/p>\n<p>[\/et_pb_blurb][et_pb_blurb image=&#8221;https:\/\/natur-perlen.dk\/wp-content\/uploads\/2022\/01\/TV_Ikon.svg&#8221; icon_placement=&#8221;left&#8221; image_icon_width=&#8221;80%&#8221; _builder_version=&#8221;4.16&#8243; _module_preset=&#8221;default&#8221; header_font=&#8221;Ubuntu||||||||&#8221; header_font_size=&#8221;16px&#8221; body_font=&#8221;Ubuntu|300|||||||&#8221; body_text_color=&#8221;#000000&#8243; body_letter_spacing=&#8221;1px&#8221; custom_margin=&#8221;0px||5px||false|false&#8221; custom_padding=&#8221;0px||0px||true|false&#8221; custom_css_main_element=&#8221;width: 49%;||float:left;&#8221; image_max_width=&#8221;80%&#8221; global_colors_info=&#8221;{}&#8221;]<\/p>\n<p>Stor tv pakke<\/p>\n<p>[\/et_pb_blurb][et_pb_blurb image=&#8221;https:\/\/natur-perlen.dk\/wp-content\/uploads\/2022\/01\/Dishwasher-1.svg&#8221; icon_placement=&#8221;left&#8221; image_icon_width=&#8221;75%&#8221; _builder_version=&#8221;4.16&#8243; _module_preset=&#8221;default&#8221; header_font=&#8221;Ubuntu||||||||&#8221; header_font_size=&#8221;16px&#8221; body_font=&#8221;Ubuntu|300|||||||&#8221; body_text_color=&#8221;#000000&#8243; body_letter_spacing=&#8221;1px&#8221; custom_margin=&#8221;0px||5px||false|false&#8221; custom_padding=&#8221;0px||0px||true|false&#8221; custom_css_main_element=&#8221;width: 49%;||float:left;&#8221; image_max_width=&#8221;75%&#8221; global_colors_info=&#8221;{}&#8221;]<\/p>\n<p>Opvaskemaskine<\/p>\n<p>[\/et_pb_blurb][et_pb_blurb image=&#8221;https:\/\/natur-perlen.dk\/wp-content\/uploads\/2022\/01\/Kaffe-te_Ikon.svg&#8221; icon_placement=&#8221;left&#8221; image_icon_width=&#8221;85%&#8221; _builder_version=&#8221;4.16&#8243; _module_preset=&#8221;default&#8221; header_font=&#8221;Ubuntu||||||||&#8221; header_font_size=&#8221;16px&#8221; body_font=&#8221;Ubuntu|300|||||||&#8221; body_text_color=&#8221;#000000&#8243; body_letter_spacing=&#8221;1px&#8221; custom_margin=&#8221;0px||5px||false|false&#8221; custom_padding=&#8221;0px||0px||true|false&#8221; custom_css_main_element=&#8221;width: 49%;||float:left;&#8221; image_max_width=&#8221;85%&#8221; global_colors_info=&#8221;{}&#8221;]<\/p>\n<p>Gratis kaffe &amp; te<\/p>\n<p>[\/et_pb_blurb][et_pb_blurb image=&#8221;https:\/\/natur-perlen.dk\/wp-content\/uploads\/2022\/01\/Bed_Icon.svg&#8221; icon_placement=&#8221;left&#8221; image_icon_width=&#8221;85%&#8221; _builder_version=&#8221;4.16&#8243; _module_preset=&#8221;default&#8221; header_font=&#8221;Ubuntu||||||||&#8221; header_font_size=&#8221;16px&#8221; body_font=&#8221;Ubuntu|300|||||||&#8221; body_text_color=&#8221;#000000&#8243; body_letter_spacing=&#8221;1px&#8221; custom_margin=&#8221;0px||5px||false|false&#8221; custom_padding=&#8221;0px||0px||true|false&#8221; custom_css_main_element=&#8221;width: 49%;||float:left;&#8221; image_max_width=&#8221;85%&#8221; global_colors_info=&#8221;{}&#8221;]<\/p>\n<p>Opredt dobbeltseng<\/p>\n<p>[\/et_pb_blurb][et_pb_button button_url=&#8221;https:\/\/booking.octopuspms.com\/RoomBook?Code=8be92028-2091-4a38-a438-50e3740a0a0f&#8221; button_text=&#8221;BOOK NU&#8221; button_alignment=&#8221;center&#8221; button_alignment_last_edited=&#8221;off|desktop&#8221; _builder_version=&#8221;4.16.1&#8243; _module_preset=&#8221;default&#8221; custom_button=&#8221;on&#8221; button_text_size=&#8221;14px&#8221; button_text_color=&#8221;#FFF8F6&#8243; button_bg_color=&#8221;#326734&#8243; button_border_width=&#8221;2px&#8221; button_border_color=&#8221;#326734&#8243; button_font=&#8221;Ubuntu|700|||||||&#8221; button_icon=&#8221;&#x24;||divi||400&#8243; button_icon_color=&#8221;#FFF8F6&#8243; button_on_hover=&#8221;off&#8221; custom_margin=&#8221;200px||||false|false&#8221; custom_margin_tablet=&#8221;&#8221; custom_margin_phone=&#8221;250px||||false|false&#8221; custom_margin_last_edited=&#8221;on|phone&#8221; custom_padding=&#8221;16px|35%|16px|35%|true|true&#8221; custom_padding_tablet=&#8221;|39%||39%|true|true&#8221; custom_padding_phone=&#8221;16px|29%|16px|29%|true|true&#8221; custom_padding_last_edited=&#8221;on|phone&#8221; locked=&#8221;off&#8221; global_colors_info=&#8221;{}&#8221; button_bg_color__hover_enabled=&#8221;on|hover&#8221; button_bg_color__hover=&#8221;#669933&#8243; button_bg_enable_color__hover=&#8221;on&#8221; button_border_color__hover_enabled=&#8221;on|desktop&#8221; button_border_color__hover=&#8221;#669933&#8243;][\/et_pb_button][\/et_pb_column][et_pb_column type=&#8221;3_5&#8243; _builder_version=&#8221;4.16.1&#8243; _module_preset=&#8221;default&#8221; background_image=&#8221;https:\/\/natur-perlen.dk\/wp-content\/uploads\/2022\/08\/Panorama6-scaled.jpg&#8221; background_position=&#8221;top_center&#8221; background_vertical_offset=&#8221;-1%&#8221; animation_style=&#8221;fade&#8221; global_colors_info=&#8221;{}&#8221;][et_pb_divider show_divider=&#8221;off&#8221; _builder_version=&#8221;4.16&#8243; _module_preset=&#8221;default&#8221; background_enable_image=&#8221;off&#8221; custom_padding=&#8221;150px||150px||true|false&#8221; global_colors_info=&#8221;{}&#8221;][\/et_pb_divider][\/et_pb_column][\/et_pb_row][et_pb_row use_custom_gutter=&#8221;on&#8221; gutter_width=&#8221;2&#8243; make_equal=&#8221;on&#8221; _builder_version=&#8221;4.16&#8243; _module_preset=&#8221;default&#8221; width=&#8221;96%&#8221; width_tablet=&#8221;90%&#8221; width_phone=&#8221;90%&#8221; width_last_edited=&#8221;on|phone&#8221; max_width=&#8221;1300px&#8221; max_width_tablet=&#8221;90%&#8221; max_width_phone=&#8221;90%&#8221; max_width_last_edited=&#8221;on|tablet&#8221; custom_padding=&#8221;40px|||||&#8221; global_colors_info=&#8221;{}&#8221;][et_pb_column type=&#8221;4_4&#8243; _builder_version=&#8221;4.16&#8243; _module_preset=&#8221;default&#8221; global_colors_info=&#8221;{}&#8221;][et_pb_gallery gallery_ids=&#8221;57314,57316,57321,57315,57317,57318,57323,57324,57325,57320,57672,58135&#8243; posts_number=&#8221;12&#8243; show_title_and_caption=&#8221;off&#8221; show_pagination=&#8221;off&#8221; _builder_version=&#8221;4.24.3&#8243; _module_preset=&#8221;default&#8221; global_colors_info=&#8221;{}&#8221;][\/et_pb_gallery][\/et_pb_column][\/et_pb_row][\/et_pb_section]<\/p>\n","protected":false},"excerpt":{"rendered":"<p>Panorama2-4 personer &#8211; 70m\u00b2 &#8211; 1 salLejligheden PANORAMA har, som navnet antyder, panoramaudsigt over hele Genner Bugt. Lejligheden er indrettet med et lyst og l\u00e6kkert k\u00f8kkenalrum med stor spiseplads. I stuen er der sovesofa og en lille mediesektion med\u00a0 TV og B&amp;O anl\u00e6g (inkl. CD\u2019er). I sovev\u00e6relset finder du en l\u00e6kker dobbeltseng fra European House [&hellip;]<\/p>\n","protected":false},"author":5,"featured_media":0,"parent":292,"menu_order":0,"comment_status":"closed","ping_status":"closed","template":"","meta":{"_et_pb_use_builder":"on","_et_pb_old_content":"","_et_gb_content_width":"","footnotes":""},"class_list":["post-57309","page","type-page","status-publish","hentry"],"yoast_head":"<!-- This site is optimized with the Yoast SEO plugin v27.4 - https:\/\/yoast.com\/product\/yoast-seo-wordpress\/ -->\n<title>Panorama<\/title>\n<meta name=\"description\" content=\"Bes\u00f8g vores handicapvenlige ferielejlighed, Udsigten. Her er bl.a. h\u00e6ve-s\u00e6nke k\u00f8kken, god st\u00f8tte ved bad og toilet samt elevationssenge.\" \/>\n<meta name=\"robots\" content=\"index, follow, max-snippet:-1, max-image-preview:large, max-video-preview:-1\" \/>\n<link rel=\"canonical\" href=\"https:\/\/natur-perlen.dk\/de\/vaerelser-og-lejligheder\/panorama\/\" \/>\n<meta property=\"og:locale\" content=\"de_DE\" \/>\n<meta property=\"og:type\" content=\"article\" \/>\n<meta property=\"og:title\" content=\"Panorama\" \/>\n<meta property=\"og:description\" content=\"Bes\u00f8g vores handicapvenlige ferielejlighed, Udsigten. Her er bl.a. h\u00e6ve-s\u00e6nke k\u00f8kken, god st\u00f8tte ved bad og toilet samt elevationssenge.\" \/>\n<meta property=\"og:url\" content=\"https:\/\/natur-perlen.dk\/de\/vaerelser-og-lejligheder\/panorama\/\" \/>\n<meta property=\"og:site_name\" content=\"Narturperlen\" \/>\n<meta property=\"article:publisher\" content=\"https:\/\/www.facebook.com\/Naturperlen\" \/>\n<meta property=\"article:modified_time\" content=\"2024-06-25T08:25:03+00:00\" \/>\n<meta property=\"og:image\" content=\"https:\/\/natur-perlen.dk\/wp-content\/uploads\/2020\/09\/DJI_0014-kopi.jpg\" \/>\n\t<meta property=\"og:image:width\" content=\"876\" \/>\n\t<meta property=\"og:image:height\" content=\"555\" \/>\n\t<meta property=\"og:image:type\" content=\"image\/jpeg\" \/>\n<meta name=\"twitter:card\" content=\"summary_large_image\" \/>\n<meta name=\"twitter:label1\" content=\"Gesch\u00e4tzte Lesezeit\" \/>\n\t<meta name=\"twitter:data1\" content=\"3\u00a0Minuten\" \/>\n<script type=\"application\/ld+json\" class=\"yoast-schema-graph\">{\"@context\":\"https:\\\/\\\/schema.org\",\"@graph\":[{\"@type\":\"WebPage\",\"@id\":\"https:\\\/\\\/natur-perlen.dk\\\/vaerelser-og-lejligheder\\\/panorama\\\/\",\"url\":\"https:\\\/\\\/natur-perlen.dk\\\/vaerelser-og-lejligheder\\\/panorama\\\/\",\"name\":\"Panorama\",\"isPartOf\":{\"@id\":\"https:\\\/\\\/natur-perlen.dk\\\/#website\"},\"datePublished\":\"2022-08-29T12:48:02+00:00\",\"dateModified\":\"2024-06-25T08:25:03+00:00\",\"description\":\"Bes\u00f8g vores handicapvenlige ferielejlighed, Udsigten. Her er bl.a. h\u00e6ve-s\u00e6nke k\u00f8kken, god st\u00f8tte ved bad og toilet samt elevationssenge.\",\"breadcrumb\":{\"@id\":\"https:\\\/\\\/natur-perlen.dk\\\/vaerelser-og-lejligheder\\\/panorama\\\/#breadcrumb\"},\"inLanguage\":\"de\",\"potentialAction\":[{\"@type\":\"ReadAction\",\"target\":[\"https:\\\/\\\/natur-perlen.dk\\\/vaerelser-og-lejligheder\\\/panorama\\\/\"]}]},{\"@type\":\"BreadcrumbList\",\"@id\":\"https:\\\/\\\/natur-perlen.dk\\\/vaerelser-og-lejligheder\\\/panorama\\\/#breadcrumb\",\"itemListElement\":[{\"@type\":\"ListItem\",\"position\":1,\"name\":\"Hjem\",\"item\":\"https:\\\/\\\/natur-perlen.dk\\\/\"},{\"@type\":\"ListItem\",\"position\":2,\"name\":\"Lejligheder\",\"item\":\"https:\\\/\\\/natur-perlen.dk\\\/vaerelser-og-lejligheder\\\/\"},{\"@type\":\"ListItem\",\"position\":3,\"name\":\"Panorama\"}]},{\"@type\":\"WebSite\",\"@id\":\"https:\\\/\\\/natur-perlen.dk\\\/#website\",\"url\":\"https:\\\/\\\/natur-perlen.dk\\\/\",\"name\":\"Narturperlen - Ferielejligheder med udsigt\",\"description\":\"Narturperlen - Ferielejligheder med udsigt\",\"publisher\":{\"@id\":\"https:\\\/\\\/natur-perlen.dk\\\/#organization\"},\"alternateName\":\"Natur-perlen\",\"potentialAction\":[{\"@type\":\"SearchAction\",\"target\":{\"@type\":\"EntryPoint\",\"urlTemplate\":\"https:\\\/\\\/natur-perlen.dk\\\/?s={search_term_string}\"},\"query-input\":{\"@type\":\"PropertyValueSpecification\",\"valueRequired\":true,\"valueName\":\"search_term_string\"}}],\"inLanguage\":\"de\"},{\"@type\":\"Organization\",\"@id\":\"https:\\\/\\\/natur-perlen.dk\\\/#organization\",\"name\":\"Narturperlen - Ferielejligheder med udsigt\",\"alternateName\":\"Naturperlen\",\"url\":\"https:\\\/\\\/natur-perlen.dk\\\/\",\"logo\":{\"@type\":\"ImageObject\",\"inLanguage\":\"de\",\"@id\":\"https:\\\/\\\/natur-perlen.dk\\\/#\\\/schema\\\/logo\\\/image\\\/\",\"url\":\"https:\\\/\\\/natur-perlen.dk\\\/wp-content\\\/uploads\\\/2020\\\/09\\\/DJI_0014-kopi.jpg\",\"contentUrl\":\"https:\\\/\\\/natur-perlen.dk\\\/wp-content\\\/uploads\\\/2020\\\/09\\\/DJI_0014-kopi.jpg\",\"width\":876,\"height\":555,\"caption\":\"Narturperlen - Ferielejligheder med udsigt\"},\"image\":{\"@id\":\"https:\\\/\\\/natur-perlen.dk\\\/#\\\/schema\\\/logo\\\/image\\\/\"},\"sameAs\":[\"https:\\\/\\\/www.facebook.com\\\/Naturperlen\"]}]}<\/script>\n<!-- \/ Yoast SEO plugin. -->","yoast_head_json":{"title":"Panorama","description":"Bes\u00f8g vores handicapvenlige ferielejlighed, Udsigten. Her er bl.a. h\u00e6ve-s\u00e6nke k\u00f8kken, god st\u00f8tte ved bad og toilet samt elevationssenge.","robots":{"index":"index","follow":"follow","max-snippet":"max-snippet:-1","max-image-preview":"max-image-preview:large","max-video-preview":"max-video-preview:-1"},"canonical":"https:\/\/natur-perlen.dk\/de\/vaerelser-og-lejligheder\/panorama\/","og_locale":"de_DE","og_type":"article","og_title":"Panorama","og_description":"Bes\u00f8g vores handicapvenlige ferielejlighed, Udsigten. Her er bl.a. h\u00e6ve-s\u00e6nke k\u00f8kken, god st\u00f8tte ved bad og toilet samt elevationssenge.","og_url":"https:\/\/natur-perlen.dk\/de\/vaerelser-og-lejligheder\/panorama\/","og_site_name":"Narturperlen","article_publisher":"https:\/\/www.facebook.com\/Naturperlen","article_modified_time":"2024-06-25T08:25:03+00:00","og_image":[{"width":876,"height":555,"url":"https:\/\/natur-perlen.dk\/wp-content\/uploads\/2020\/09\/DJI_0014-kopi.jpg","type":"image\/jpeg"}],"twitter_card":"summary_large_image","twitter_misc":{"Gesch\u00e4tzte Lesezeit":"3\u00a0Minuten"},"schema":{"@context":"https:\/\/schema.org","@graph":[{"@type":"WebPage","@id":"https:\/\/natur-perlen.dk\/vaerelser-og-lejligheder\/panorama\/","url":"https:\/\/natur-perlen.dk\/vaerelser-og-lejligheder\/panorama\/","name":"Panorama","isPartOf":{"@id":"https:\/\/natur-perlen.dk\/#website"},"datePublished":"2022-08-29T12:48:02+00:00","dateModified":"2024-06-25T08:25:03+00:00","description":"Bes\u00f8g vores handicapvenlige ferielejlighed, Udsigten. Her er bl.a. h\u00e6ve-s\u00e6nke k\u00f8kken, god st\u00f8tte ved bad og toilet samt elevationssenge.","breadcrumb":{"@id":"https:\/\/natur-perlen.dk\/vaerelser-og-lejligheder\/panorama\/#breadcrumb"},"inLanguage":"de","potentialAction":[{"@type":"ReadAction","target":["https:\/\/natur-perlen.dk\/vaerelser-og-lejligheder\/panorama\/"]}]},{"@type":"BreadcrumbList","@id":"https:\/\/natur-perlen.dk\/vaerelser-og-lejligheder\/panorama\/#breadcrumb","itemListElement":[{"@type":"ListItem","position":1,"name":"Hjem","item":"https:\/\/natur-perlen.dk\/"},{"@type":"ListItem","position":2,"name":"Lejligheder","item":"https:\/\/natur-perlen.dk\/vaerelser-og-lejligheder\/"},{"@type":"ListItem","position":3,"name":"Panorama"}]},{"@type":"WebSite","@id":"https:\/\/natur-perlen.dk\/#website","url":"https:\/\/natur-perlen.dk\/","name":"Narturperlen - Ferielejligheder med udsigt","description":"Narturperlen - Ferielejligheder med udsigt","publisher":{"@id":"https:\/\/natur-perlen.dk\/#organization"},"alternateName":"Natur-perlen","potentialAction":[{"@type":"SearchAction","target":{"@type":"EntryPoint","urlTemplate":"https:\/\/natur-perlen.dk\/?s={search_term_string}"},"query-input":{"@type":"PropertyValueSpecification","valueRequired":true,"valueName":"search_term_string"}}],"inLanguage":"de"},{"@type":"Organization","@id":"https:\/\/natur-perlen.dk\/#organization","name":"Narturperlen - Ferielejligheder med udsigt","alternateName":"Naturperlen","url":"https:\/\/natur-perlen.dk\/","logo":{"@type":"ImageObject","inLanguage":"de","@id":"https:\/\/natur-perlen.dk\/#\/schema\/logo\/image\/","url":"https:\/\/natur-perlen.dk\/wp-content\/uploads\/2020\/09\/DJI_0014-kopi.jpg","contentUrl":"https:\/\/natur-perlen.dk\/wp-content\/uploads\/2020\/09\/DJI_0014-kopi.jpg","width":876,"height":555,"caption":"Narturperlen - Ferielejligheder med udsigt"},"image":{"@id":"https:\/\/natur-perlen.dk\/#\/schema\/logo\/image\/"},"sameAs":["https:\/\/www.facebook.com\/Naturperlen"]}]}},"_links":{"self":[{"href":"https:\/\/natur-perlen.dk\/de\/wp-json\/wp\/v2\/pages\/57309","targetHints":{"allow":["GET"]}}],"collection":[{"href":"https:\/\/natur-perlen.dk\/de\/wp-json\/wp\/v2\/pages"}],"about":[{"href":"https:\/\/natur-perlen.dk\/de\/wp-json\/wp\/v2\/types\/page"}],"author":[{"embeddable":true,"href":"https:\/\/natur-perlen.dk\/de\/wp-json\/wp\/v2\/users\/5"}],"replies":[{"embeddable":true,"href":"https:\/\/natur-perlen.dk\/de\/wp-json\/wp\/v2\/comments?post=57309"}],"version-history":[{"count":7,"href":"https:\/\/natur-perlen.dk\/de\/wp-json\/wp\/v2\/pages\/57309\/revisions"}],"predecessor-version":[{"id":58211,"href":"https:\/\/natur-perlen.dk\/de\/wp-json\/wp\/v2\/pages\/57309\/revisions\/58211"}],"up":[{"embeddable":true,"href":"https:\/\/natur-perlen.dk\/de\/wp-json\/wp\/v2\/pages\/292"}],"wp:attachment":[{"href":"https:\/\/natur-perlen.dk\/de\/wp-json\/wp\/v2\/media?parent=57309"}],"curies":[{"name":"wp","href":"https:\/\/api.w.org\/{rel}","templated":true}]}}