{"id":413,"date":"2020-08-14T08:45:48","date_gmt":"2020-08-14T08:45:48","guid":{"rendered":"https:\/\/natur-perlen.dk\/?page_id=413"},"modified":"2023-01-16T10:46:34","modified_gmt":"2023-01-16T10:46:34","slug":"ferie-for-alle","status":"publish","type":"page","link":"https:\/\/natur-perlen.dk\/en\/ferie-for-alle\/","title":{"rendered":"Holidays for everyone"},"content":{"rendered":"<p>[et_pb_section fb_built=&#8221;1&#8243; _builder_version=&#8221;4.5.6&#8243; _module_preset=&#8221;default&#8221; background_image=&#8221;https:\/\/natur-perlen.dk\/wp-content\/uploads\/2020\/08\/backgroundpicture.jpg&#8221; parallax=&#8221;on&#8221; parallax_method=&#8221;off&#8221; custom_margin=&#8221;|2%|0px|2%|false|true&#8221; custom_padding=&#8221;0px||0px||false|false&#8221; border_color_top=&#8221;#669933&#8243; global_module=&#8221;584&#8243; saved_tabs=&#8221;all&#8221; global_colors_info=&#8221;{}&#8221;][et_pb_row _builder_version=&#8221;4.16&#8243; _module_preset=&#8221;default&#8221; global_colors_info=&#8221;{}&#8221;][et_pb_column type=&#8221;4_4&#8243; _builder_version=&#8221;4.16&#8243; _module_preset=&#8221;default&#8221; global_colors_info=&#8221;{}&#8221;][et_pb_divider show_divider=&#8221;off&#8221; _builder_version=&#8221;4.16&#8243; _module_preset=&#8221;default&#8221; custom_padding=&#8221;50px||50px||true|false&#8221; global_colors_info=&#8221;{}&#8221;][\/et_pb_divider][\/et_pb_column][\/et_pb_row][\/et_pb_section][et_pb_section fb_built=&#8221;1&#8243; _builder_version=&#8221;4.16&#8243; background_color=&#8221;#eff7f0&#8243; background_enable_image=&#8221;off&#8221; background_size=&#8221;initial&#8221; background_repeat=&#8221;repeat&#8221; custom_margin=&#8221;|2%|2%|2%|false|true&#8221; custom_padding=&#8221;80px||34px||false|false&#8221; border_color_top=&#8221;#669933&#8243; global_colors_info=&#8221;{}&#8221;][et_pb_row column_structure=&#8221;2_5,3_5&#8243; use_custom_gutter=&#8221;on&#8221; gutter_width=&#8221;2&#8243; make_equal=&#8221;on&#8221; _builder_version=&#8221;4.16&#8243; _module_preset=&#8221;default&#8221; width=&#8221;96%&#8221; width_tablet=&#8221;90%&#8221; width_phone=&#8221;90%&#8221; width_last_edited=&#8221;on|phone&#8221; max_width=&#8221;1300px&#8221; max_width_tablet=&#8221;90%&#8221; max_width_phone=&#8221;90%&#8221; max_width_last_edited=&#8221;on|tablet&#8221; custom_margin=&#8221;|auto|45px|auto|false|false&#8221; custom_padding=&#8221;0px|||||&#8221; global_colors_info=&#8221;{}&#8221;][et_pb_column type=&#8221;2_5&#8243; _builder_version=&#8221;4.16&#8243; _module_preset=&#8221;default&#8221; animation_style=&#8221;slide&#8221; animation_direction=&#8221;left&#8221; animation_delay=&#8221;200ms&#8221; animation_intensity_slide=&#8221;25%&#8221; global_colors_info=&#8221;{}&#8221;][et_pb_text _builder_version=&#8221;4.16&#8243; _module_preset=&#8221;d24f97e9-dc55-4b88-974a-50c38cc11ebf&#8221; animation_style=&#8221;none&#8221; global_colors_info=&#8221;{}&#8221;]<\/p>\n<h2>Ferie for ALLE\u00a0<\/h2>\n<p>[\/et_pb_text][et_pb_text _builder_version=&#8221;4.16&#8243; _module_preset=&#8221;1775bb8e-3404-4d95-8d49-944d1577bf91&#8243; text_orientation=&#8221;center&#8221; animation_style=&#8221;none&#8221; global_colors_info=&#8221;{}&#8221;]<\/p>\n<p>Certificeret af &#8220;God Adgang&#8221;<\/p>\n<p>[\/et_pb_text][et_pb_image src=&#8221;https:\/\/natur-perlen.dk\/wp-content\/uploads\/2020\/08\/gaversion2_header.gif&#8221; title_text=&#8221;gaversion2_header&#8221; align=&#8221;center&#8221; _builder_version=&#8221;4.16&#8243; _module_preset=&#8221;default&#8221; global_colors_info=&#8221;{}&#8221;][\/et_pb_image][et_pb_text _builder_version=&#8221;4.19.4&#8243; _module_preset=&#8221;default&#8221; animation_style=&#8221;none&#8221; hover_enabled=&#8221;0&#8243; global_colors_info=&#8221;{}&#8221; sticky_enabled=&#8221;0&#8243;]<\/p>\n<p>Helt fra da de f\u00f8rste tegninger af Naturperlen blev lavet, har vi t\u00e6nkt p\u00e5, hvordan vi bedst muligt kan s\u00f8rge for, at alle f\u00e5r et fantastisk ophold p\u00e5 Naturperlen.<o:p><\/o:p><\/p>\n<p>Det har f\u00f8rt til, at alle detaljer i lejligheden &#8220;Udsigten&#8221; og omr\u00e5det omkring Naturperlen er gennemt\u00e6nkt, s\u00e5 vi kan tilbyde den bedst mulige tilg\u00e6ngelighed &#8211; uanset om du sidder i k\u00f8restol, har et synshandikap eller skal have plads til tvillingklapvognen. <o:p><\/o:p><\/p>\n<p>Samtidig er det vigtigt for os at her er rart for sj\u00e6len, og det ikke bliver for sterilt. Det har b.la. resulteret i en certificering hos &#8220;<a href=\"http:\/\/godadgang.dk\/dk\/steder\/faktaark.asp?id=13750\" target=\"_blank\" rel=\"noopener\">God Adgang<\/a>&#8221; og en fin omtale i <a href=\"https:\/\/indd.adobe.com\/view\/6ef76206-5e71-4d7b-9c99-cd45539e1170?fbclid=IwAR2nn9ApJEJlzcQS15uly-ltAWX7aj2wye1bQOJTg5DTgiSoLLRlsfl9S0k\">S\u00f8nderjyllandsmagasinet 2022<\/a> (se side 70) yderlige en avisartikel i \u00e5benr\u00e5s ugeavis som kan l\u00e6ses <a href=\"https:\/\/ugeavisen.dk\/aabenraa\/en-handicapvenlig-perle-her-er-der-plads-til-os-alle\">her<\/a>.<o:p><\/o:p><\/p>\n<p>Vores mission er at give alle vores g\u00e6ster et fantastisk ophold \u2013 uanset tilg\u00e6ngelighedsbehov. <o:p><\/o:p><\/p>\n<p>[\/et_pb_text][et_pb_text _builder_version=&#8221;4.16&#8243; _module_preset=&#8221;default&#8221; text_font=&#8221;Ubuntu|700||on|||||&#8221; text_text_color=&#8221;#ffffff&#8221; text_font_size=&#8221;12px&#8221; background_color=&#8221;#326734&#8243; text_orientation=&#8221;center&#8221; width=&#8221;175px&#8221; module_alignment=&#8221;center&#8221; custom_padding=&#8221;7px||7px||true|false&#8221; link_option_url=&#8221;\/lejligheder\/udsigten\/&#8221; border_radii=&#8221;on|3px|3px|3px|3px&#8221; global_colors_info=&#8221;{}&#8221; background__hover_enabled=&#8221;on|hover&#8221; background_color__hover=&#8221;#669933&#8243; background_enable_color__hover=&#8221;on&#8221;]<\/p>\n<p>L\u00e6s mere om UDSIGTEN<\/p>\n<p>[\/et_pb_text][\/et_pb_column][et_pb_column type=&#8221;3_5&#8243; _builder_version=&#8221;4.16&#8243; _module_preset=&#8221;default&#8221; background_image=&#8221;https:\/\/natur-perlen.dk\/wp-content\/uploads\/2020\/09\/Thomas-Marieke-v.lift_.jpg&#8221; animation_style=&#8221;fade&#8221; global_colors_info=&#8221;{}&#8221;][et_pb_divider show_divider=&#8221;off&#8221; _builder_version=&#8221;4.16&#8243; _module_preset=&#8221;default&#8221; custom_padding=&#8221;150px||150px||true|false&#8221; global_colors_info=&#8221;{}&#8221;][\/et_pb_divider][\/et_pb_column][\/et_pb_row][et_pb_row use_custom_gutter=&#8221;on&#8221; gutter_width=&#8221;2&#8243; make_equal=&#8221;on&#8221; _builder_version=&#8221;4.16&#8243; _module_preset=&#8221;default&#8221; width=&#8221;96%&#8221; width_tablet=&#8221;90%&#8221; width_phone=&#8221;90%&#8221; width_last_edited=&#8221;on|phone&#8221; max_width=&#8221;1300px&#8221; max_width_tablet=&#8221;90%&#8221; max_width_phone=&#8221;90%&#8221; max_width_last_edited=&#8221;on|tablet&#8221; custom_margin=&#8221;|auto|45px|auto|false|false&#8221; custom_padding=&#8221;0px|||||&#8221; global_colors_info=&#8221;{}&#8221;][et_pb_column type=&#8221;4_4&#8243; _builder_version=&#8221;4.16&#8243; _module_preset=&#8221;default&#8221; animation_style=&#8221;slide&#8221; animation_direction=&#8221;left&#8221; animation_delay=&#8221;200ms&#8221; animation_intensity_slide=&#8221;25%&#8221; global_colors_info=&#8221;{}&#8221;][et_pb_image src=&#8221;https:\/\/natur-perlen.dk\/wp-content\/uploads\/2021\/03\/Foreningen-til-stotte-af_Final_300.png&#8221; title_text=&#8221;Foreningen-til-stotte-af_Final_300&#8243; _builder_version=&#8221;4.16&#8243; _module_preset=&#8221;default&#8221; width=&#8221;59%&#8221; max_width=&#8221;300px&#8221; module_alignment=&#8221;center&#8221; global_colors_info=&#8221;{}&#8221;][\/et_pb_image][et_pb_text _builder_version=&#8221;4.16&#8243; _module_preset=&#8221;d24f97e9-dc55-4b88-974a-50c38cc11ebf&#8221; animation_style=&#8221;none&#8221; global_colors_info=&#8221;{}&#8221;]<\/p>\n<h2>Sygdomsramte borgere<\/h2>\n<p>[\/et_pb_text][et_pb_text _builder_version=&#8221;4.16&#8243; _module_preset=&#8221;default&#8221; text_orientation=&#8221;center&#8221; width=&#8221;50%&#8221; max_width=&#8221;550px&#8221; module_alignment=&#8221;center&#8221; animation_style=&#8221;none&#8221; global_colors_info=&#8221;{}&#8221;]<\/p>\n<p>Er du sygdomsramt? Tr\u00e6nger du til at komme lidt v\u00e6k og komme til kr\u00e6fter, inden du begynder p\u00e5 arbejde igen?<\/p>\n<p>Foreningen yder st\u00f8tte til\u00a0 rekreationsophold,\u00a0s\u00e5 du hurtigt kan komme til kr\u00e6fter igen.\u00a0<\/p>\n<p>[\/et_pb_text][dsm_button button_one_text=&#8221;G\u00c5 TIL FORENINGENS FACEBOOK&#8221; button_one_url=&#8221;https:\/\/www.facebook.com\/sygdomsramteborgere\/&#8221; button_one_url_new_window=&#8221;on&#8221; button_two_text=&#8221;G\u00c5 TIL FORENINGENS HJEMMESIDE&#8221; button_two_url=&#8221;https:\/\/www.sygdomsramte-borgere.dk\/&#8221; button_two_url_new_window=&#8221;on&#8221; button_alignment=&#8221;center&#8221; _builder_version=&#8221;4.16.1&#8243; _module_preset=&#8221;default&#8221; custom_button_one=&#8221;on&#8221; button_one_text_size=&#8221;13px&#8221; button_one_text_color=&#8221;#FFF8F6&#8243; button_one_bg_color=&#8221;#669933&#8243; button_one_border_width=&#8221;0px&#8221; button_one_font=&#8221;Ubuntu|700|||||||&#8221; button_one_custom_padding=&#8221;13px|45px|13px|45px|true|true&#8221; custom_button_two=&#8221;on&#8221; button_two_text_size=&#8221;13px&#8221; button_two_text_color=&#8221;#FFF8F6&#8243; button_two_bg_color=&#8221;#326734&#8243; button_two_border_width=&#8221;0px&#8221; button_two_font=&#8221;Ubuntu|700|||||||&#8221; button_two_custom_padding=&#8221;13px|45px|13px|45px|true|true&#8221; global_colors_info=&#8221;{}&#8221; button_one_bg_color__hover_enabled=&#8221;on|desktop&#8221; button_two_bg_color__hover_enabled=&#8221;on|hover&#8221; button_two_bg_color__hover=&#8221;#669933&#8243; button_two_bg_enable_color__hover=&#8221;on&#8221; button_one_bg_color__hover=&#8221;#669933&#8243;][\/dsm_button][\/et_pb_column][\/et_pb_row][\/et_pb_section]<\/p>\n","protected":false},"excerpt":{"rendered":"<p>Ferie for ALLE\u00a0Certificeret af &#8220;God Adgang&#8221;Helt fra da de f\u00f8rste tegninger af Naturperlen blev lavet, har vi t\u00e6nkt p\u00e5, hvordan vi bedst muligt kan s\u00f8rge for, at alle f\u00e5r et fantastisk ophold p\u00e5 Naturperlen. Det har f\u00f8rt til, at alle detaljer i lejligheden &#8220;Udsigten&#8221; og omr\u00e5det omkring Naturperlen er gennemt\u00e6nkt, s\u00e5 vi kan tilbyde den [&hellip;]<\/p>\n","protected":false},"author":1,"featured_media":0,"parent":0,"menu_order":0,"comment_status":"closed","ping_status":"closed","template":"","meta":{"_et_pb_use_builder":"on","_et_pb_old_content":"","_et_gb_content_width":"","footnotes":""},"class_list":["post-413","page","type-page","status-publish","hentry"],"yoast_head":"<!-- This site is optimized with the Yoast SEO plugin v27.4 - https:\/\/yoast.com\/product\/yoast-seo-wordpress\/ -->\n<title>Ferie for ALLE p\u00e5 Naturperlen<\/title>\n<meta name=\"description\" content=\"Naturperlen er GODADGANG certificeret og der er plads til dig \u2013 uanset om du sidder i k\u00f8restol, har et synshandikap eller skal have plads til tvillingklapvognen.\" \/>\n<meta name=\"robots\" content=\"index, follow, max-snippet:-1, max-image-preview:large, max-video-preview:-1\" \/>\n<link rel=\"canonical\" href=\"https:\/\/natur-perlen.dk\/en\/ferie-for-alle\/\" \/>\n<meta property=\"og:locale\" content=\"en_US\" \/>\n<meta property=\"og:type\" content=\"article\" \/>\n<meta property=\"og:title\" content=\"Ferie for ALLE p\u00e5 Naturperlen\" \/>\n<meta property=\"og:description\" content=\"Naturperlen er GODADGANG certificeret og der er plads til dig \u2013 uanset om du sidder i k\u00f8restol, har et synshandikap eller skal have plads til tvillingklapvognen.\" \/>\n<meta property=\"og:url\" content=\"https:\/\/natur-perlen.dk\/en\/ferie-for-alle\/\" \/>\n<meta property=\"og:site_name\" content=\"Narturperlen\" \/>\n<meta property=\"article:publisher\" content=\"https:\/\/www.facebook.com\/Naturperlen\" \/>\n<meta property=\"article:modified_time\" content=\"2023-01-16T10:46:34+00:00\" \/>\n<meta property=\"og:image\" content=\"https:\/\/natur-perlen.dk\/wp-content\/uploads\/2020\/09\/DJI_0014-kopi.jpg\" \/>\n\t<meta property=\"og:image:width\" content=\"876\" \/>\n\t<meta property=\"og:image:height\" content=\"555\" \/>\n\t<meta property=\"og:image:type\" content=\"image\/jpeg\" \/>\n<meta name=\"twitter:card\" content=\"summary_large_image\" \/>\n<meta name=\"twitter:label1\" content=\"Est. reading time\" \/>\n\t<meta name=\"twitter:data1\" content=\"2 minutes\" \/>\n<script type=\"application\/ld+json\" class=\"yoast-schema-graph\">{\"@context\":\"https:\\\/\\\/schema.org\",\"@graph\":[{\"@type\":\"WebPage\",\"@id\":\"https:\\\/\\\/natur-perlen.dk\\\/ferie-for-alle\\\/\",\"url\":\"https:\\\/\\\/natur-perlen.dk\\\/ferie-for-alle\\\/\",\"name\":\"Ferie for ALLE p\u00e5 Naturperlen\",\"isPartOf\":{\"@id\":\"https:\\\/\\\/natur-perlen.dk\\\/#website\"},\"datePublished\":\"2020-08-14T08:45:48+00:00\",\"dateModified\":\"2023-01-16T10:46:34+00:00\",\"description\":\"Naturperlen er GODADGANG certificeret og der er plads til dig \u2013 uanset om du sidder i k\u00f8restol, har et synshandikap eller skal have plads til tvillingklapvognen.\",\"breadcrumb\":{\"@id\":\"https:\\\/\\\/natur-perlen.dk\\\/ferie-for-alle\\\/#breadcrumb\"},\"inLanguage\":\"en-US\",\"potentialAction\":[{\"@type\":\"ReadAction\",\"target\":[\"https:\\\/\\\/natur-perlen.dk\\\/ferie-for-alle\\\/\"]}]},{\"@type\":\"BreadcrumbList\",\"@id\":\"https:\\\/\\\/natur-perlen.dk\\\/ferie-for-alle\\\/#breadcrumb\",\"itemListElement\":[{\"@type\":\"ListItem\",\"position\":1,\"name\":\"Hjem\",\"item\":\"https:\\\/\\\/natur-perlen.dk\\\/\"},{\"@type\":\"ListItem\",\"position\":2,\"name\":\"Ferie for alle\"}]},{\"@type\":\"WebSite\",\"@id\":\"https:\\\/\\\/natur-perlen.dk\\\/#website\",\"url\":\"https:\\\/\\\/natur-perlen.dk\\\/\",\"name\":\"Narturperlen - Ferielejligheder med udsigt\",\"description\":\"Narturperlen - Ferielejligheder med udsigt\",\"publisher\":{\"@id\":\"https:\\\/\\\/natur-perlen.dk\\\/#organization\"},\"alternateName\":\"Natur-perlen\",\"potentialAction\":[{\"@type\":\"SearchAction\",\"target\":{\"@type\":\"EntryPoint\",\"urlTemplate\":\"https:\\\/\\\/natur-perlen.dk\\\/?s={search_term_string}\"},\"query-input\":{\"@type\":\"PropertyValueSpecification\",\"valueRequired\":true,\"valueName\":\"search_term_string\"}}],\"inLanguage\":\"en-US\"},{\"@type\":\"Organization\",\"@id\":\"https:\\\/\\\/natur-perlen.dk\\\/#organization\",\"name\":\"Narturperlen - Ferielejligheder med udsigt\",\"alternateName\":\"Naturperlen\",\"url\":\"https:\\\/\\\/natur-perlen.dk\\\/\",\"logo\":{\"@type\":\"ImageObject\",\"inLanguage\":\"en-US\",\"@id\":\"https:\\\/\\\/natur-perlen.dk\\\/#\\\/schema\\\/logo\\\/image\\\/\",\"url\":\"https:\\\/\\\/natur-perlen.dk\\\/wp-content\\\/uploads\\\/2020\\\/09\\\/DJI_0014-kopi.jpg\",\"contentUrl\":\"https:\\\/\\\/natur-perlen.dk\\\/wp-content\\\/uploads\\\/2020\\\/09\\\/DJI_0014-kopi.jpg\",\"width\":876,\"height\":555,\"caption\":\"Narturperlen - Ferielejligheder med udsigt\"},\"image\":{\"@id\":\"https:\\\/\\\/natur-perlen.dk\\\/#\\\/schema\\\/logo\\\/image\\\/\"},\"sameAs\":[\"https:\\\/\\\/www.facebook.com\\\/Naturperlen\"]}]}<\/script>\n<!-- \/ Yoast SEO plugin. -->","yoast_head_json":{"title":"Ferie for ALLE p\u00e5 Naturperlen","description":"Naturperlen er GODADGANG certificeret og der er plads til dig \u2013 uanset om du sidder i k\u00f8restol, har et synshandikap eller skal have plads til tvillingklapvognen.","robots":{"index":"index","follow":"follow","max-snippet":"max-snippet:-1","max-image-preview":"max-image-preview:large","max-video-preview":"max-video-preview:-1"},"canonical":"https:\/\/natur-perlen.dk\/en\/ferie-for-alle\/","og_locale":"en_US","og_type":"article","og_title":"Ferie for ALLE p\u00e5 Naturperlen","og_description":"Naturperlen er GODADGANG certificeret og der er plads til dig \u2013 uanset om du sidder i k\u00f8restol, har et synshandikap eller skal have plads til tvillingklapvognen.","og_url":"https:\/\/natur-perlen.dk\/en\/ferie-for-alle\/","og_site_name":"Narturperlen","article_publisher":"https:\/\/www.facebook.com\/Naturperlen","article_modified_time":"2023-01-16T10:46:34+00:00","og_image":[{"width":876,"height":555,"url":"https:\/\/natur-perlen.dk\/wp-content\/uploads\/2020\/09\/DJI_0014-kopi.jpg","type":"image\/jpeg"}],"twitter_card":"summary_large_image","twitter_misc":{"Est. reading time":"2 minutes"},"schema":{"@context":"https:\/\/schema.org","@graph":[{"@type":"WebPage","@id":"https:\/\/natur-perlen.dk\/ferie-for-alle\/","url":"https:\/\/natur-perlen.dk\/ferie-for-alle\/","name":"Ferie for ALLE p\u00e5 Naturperlen","isPartOf":{"@id":"https:\/\/natur-perlen.dk\/#website"},"datePublished":"2020-08-14T08:45:48+00:00","dateModified":"2023-01-16T10:46:34+00:00","description":"Naturperlen er GODADGANG certificeret og der er plads til dig \u2013 uanset om du sidder i k\u00f8restol, har et synshandikap eller skal have plads til tvillingklapvognen.","breadcrumb":{"@id":"https:\/\/natur-perlen.dk\/ferie-for-alle\/#breadcrumb"},"inLanguage":"en-US","potentialAction":[{"@type":"ReadAction","target":["https:\/\/natur-perlen.dk\/ferie-for-alle\/"]}]},{"@type":"BreadcrumbList","@id":"https:\/\/natur-perlen.dk\/ferie-for-alle\/#breadcrumb","itemListElement":[{"@type":"ListItem","position":1,"name":"Hjem","item":"https:\/\/natur-perlen.dk\/"},{"@type":"ListItem","position":2,"name":"Ferie for alle"}]},{"@type":"WebSite","@id":"https:\/\/natur-perlen.dk\/#website","url":"https:\/\/natur-perlen.dk\/","name":"Narturperlen - Ferielejligheder med udsigt","description":"Narturperlen - Ferielejligheder med udsigt","publisher":{"@id":"https:\/\/natur-perlen.dk\/#organization"},"alternateName":"Natur-perlen","potentialAction":[{"@type":"SearchAction","target":{"@type":"EntryPoint","urlTemplate":"https:\/\/natur-perlen.dk\/?s={search_term_string}"},"query-input":{"@type":"PropertyValueSpecification","valueRequired":true,"valueName":"search_term_string"}}],"inLanguage":"en-US"},{"@type":"Organization","@id":"https:\/\/natur-perlen.dk\/#organization","name":"Narturperlen - Ferielejligheder med udsigt","alternateName":"Naturperlen","url":"https:\/\/natur-perlen.dk\/","logo":{"@type":"ImageObject","inLanguage":"en-US","@id":"https:\/\/natur-perlen.dk\/#\/schema\/logo\/image\/","url":"https:\/\/natur-perlen.dk\/wp-content\/uploads\/2020\/09\/DJI_0014-kopi.jpg","contentUrl":"https:\/\/natur-perlen.dk\/wp-content\/uploads\/2020\/09\/DJI_0014-kopi.jpg","width":876,"height":555,"caption":"Narturperlen - Ferielejligheder med udsigt"},"image":{"@id":"https:\/\/natur-perlen.dk\/#\/schema\/logo\/image\/"},"sameAs":["https:\/\/www.facebook.com\/Naturperlen"]}]}},"_links":{"self":[{"href":"https:\/\/natur-perlen.dk\/en\/wp-json\/wp\/v2\/pages\/413","targetHints":{"allow":["GET"]}}],"collection":[{"href":"https:\/\/natur-perlen.dk\/en\/wp-json\/wp\/v2\/pages"}],"about":[{"href":"https:\/\/natur-perlen.dk\/en\/wp-json\/wp\/v2\/types\/page"}],"author":[{"embeddable":true,"href":"https:\/\/natur-perlen.dk\/en\/wp-json\/wp\/v2\/users\/1"}],"replies":[{"embeddable":true,"href":"https:\/\/natur-perlen.dk\/en\/wp-json\/wp\/v2\/comments?post=413"}],"version-history":[{"count":27,"href":"https:\/\/natur-perlen.dk\/en\/wp-json\/wp\/v2\/pages\/413\/revisions"}],"predecessor-version":[{"id":57495,"href":"https:\/\/natur-perlen.dk\/en\/wp-json\/wp\/v2\/pages\/413\/revisions\/57495"}],"wp:attachment":[{"href":"https:\/\/natur-perlen.dk\/en\/wp-json\/wp\/v2\/media?parent=413"}],"curies":[{"name":"wp","href":"https:\/\/api.w.org\/{rel}","templated":true}]}}