{"id":426,"date":"2020-08-14T09:03:19","date_gmt":"2020-08-14T09:03:19","guid":{"rendered":"https:\/\/natur-perlen.dk\/?page_id=426"},"modified":"2022-08-25T12:26:40","modified_gmt":"2022-08-25T12:26:40","slug":"miljo","status":"publish","type":"page","link":"https:\/\/natur-perlen.dk\/en\/miljo\/","title":{"rendered":"Sustainability"},"content":{"rendered":"\n[et_pb_section fb_built=&#8221;1&#8243; _builder_version=&#8221;4.5.6&#8243; _module_preset=&#8221;default&#8221; background_image=&#8221;https:\/\/natur-perlen.dk\/wp-content\/uploads\/2020\/08\/backgroundpicture.jpg&#8221; parallax=&#8221;on&#8221; parallax_method=&#8221;off&#8221; custom_margin=&#8221;|2%|0px|2%|false|true&#8221; custom_padding=&#8221;0px||0px||false|false&#8221; border_color_top=&#8221;#669933&#8243; global_module=&#8221;584&#8243; global_colors_info=&#8221;{}&#8221;][et_pb_row _builder_version=&#8221;4.16&#8243; _module_preset=&#8221;default&#8221; global_colors_info=&#8221;{}&#8221;][et_pb_column type=&#8221;4_4&#8243; _builder_version=&#8221;4.16&#8243; _module_preset=&#8221;default&#8221; global_colors_info=&#8221;{}&#8221;][et_pb_divider show_divider=&#8221;off&#8221; _builder_version=&#8221;4.16&#8243; _module_preset=&#8221;default&#8221; custom_padding=&#8221;50px||50px||true|false&#8221; global_colors_info=&#8221;{}&#8221;][\/et_pb_divider][\/et_pb_column][\/et_pb_row][\/et_pb_section][et_pb_section fb_built=&#8221;1&#8243; _builder_version=&#8221;4.16&#8243; background_color=&#8221;#eff7f0&#8243; background_enable_image=&#8221;off&#8221; background_size=&#8221;initial&#8221; background_repeat=&#8221;repeat&#8221; custom_margin=&#8221;|2%|2%|2%|false|true&#8221; custom_padding=&#8221;110px||30px||false|false&#8221; global_colors_info=&#8221;{}&#8221;][et_pb_row column_structure=&#8221;1_2,1_2&#8243; use_custom_gutter=&#8221;on&#8221; gutter_width=&#8221;2&#8243; make_equal=&#8221;on&#8221; _builder_version=&#8221;4.16&#8243; _module_preset=&#8221;default&#8221; width=&#8221;96%&#8221; width_tablet=&#8221;90%&#8221; width_phone=&#8221;90%&#8221; width_last_edited=&#8221;on|phone&#8221; max_width=&#8221;1300px&#8221; max_width_tablet=&#8221;90%&#8221; max_width_phone=&#8221;90%&#8221; max_width_last_edited=&#8221;on|tablet&#8221; custom_margin=&#8221;|auto|45px|auto|false|false&#8221; custom_padding=&#8221;0px|||||&#8221; locked=&#8221;off&#8221; global_colors_info=&#8221;{}&#8221;][et_pb_column type=&#8221;1_2&#8243; _builder_version=&#8221;4.16&#8243; _module_preset=&#8221;default&#8221; animation_style=&#8221;slide&#8221; animation_direction=&#8221;left&#8221; animation_delay=&#8221;200ms&#8221; animation_intensity_slide=&#8221;25%&#8221; global_colors_info=&#8221;{}&#8221;][et_pb_text _builder_version=&#8221;4.16&#8243; _module_preset=&#8221;d24f97e9-dc55-4b88-974a-50c38cc11ebf&#8221; animation_style=&#8221;none&#8221; global_colors_info=&#8221;{}&#8221;]<h2>Vi lever op til vores navn<\/h2>[\/et_pb_text][et_pb_text _builder_version=&#8221;4.16.1&#8243; _module_preset=&#8221;1775bb8e-3404-4d95-8d49-944d1577bf91&#8243; text_orientation=&#8221;center&#8221; animation_style=&#8221;none&#8221; global_colors_info=&#8221;{}&#8221;]<p>og passer p\u00e5 naturen<\/p>[\/et_pb_text][et_pb_text _builder_version=&#8221;4.16.1&#8243; _module_preset=&#8221;default&#8221; animation_style=&#8221;none&#8221; global_colors_info=&#8221;{}&#8221;]<p>Det er vigtigt for os, at vi lever op til vores navn. Derfor g\u00f8r vi alt vi kan, for at passe p\u00e5 den natur der omgiver os. Af samme grund er vores lejligheder og v\u00e6relser p\u00e5 mange m\u00e5der \u201dgr\u00f8nne\u201d.<\/p>\n<p>Solvarme og solenergi, brug af regnvand og jordvarme er nogle af de ressourcer, som vi udnytter for at opn\u00e5 en mere b\u00e6redygtig hverdag p\u00e5 Naturperlen. Derudover er Naturperlen den f\u00f8rste danske erhvervsejendom bygget med \u201dStyro Stone\u201d, der kombinerer en robust konstruktion med en h\u00f8j isoleringsevne. Det betyder at brugen af varme er meget begr\u00e6nset p\u00e5 Naturperlen, og den varme vi bruger genanvendes i et avanceret ventilations system.<\/p>\n<p>Vi har naturligvis ogs\u00e5 en r\u00e6kke mindre indsatser, der til sammen har en positiv indvirkning p\u00e5 milj\u00f8et:<\/p>\n<ul>\n<li>Vi affaldssortere og ca. 70% af Perlens affald kan genanvendes<\/li>\n<li>Vi har stort fokus p\u00e5 at reducere madspild<\/li>\n<li>Vi skuer ned for varmen om natten<\/li>\n<li>Vi anvender milj\u00f8venlige og \u00f8kologiske produkter alle steder det er muligt, og stiller samme krav til vores leverand\u00f8rer<\/li>\n<li>Vi donerer brugt inventar til genbrug og n\u00f8dhj\u00e6lpsorganisationer<\/li>\n<\/ul>\n<p>Nedenfor kan du l\u00e6se om vores 3 vigtigste kilder til en b\u00e6redygtig hverdag. \u00a0<\/p>[\/et_pb_text][\/et_pb_column][et_pb_column type=&#8221;1_2&#8243; _builder_version=&#8221;4.16&#8243; _module_preset=&#8221;default&#8221; background_image=&#8221;https:\/\/natur-perlen.dk\/wp-content\/uploads\/2021\/11\/ecological-friendly-and-sustainable-environment-wi-2021-08-31-18-12-01-utc-scaled.jpg&#8221; animation_style=&#8221;fade&#8221; global_colors_info=&#8221;{}&#8221;][et_pb_divider show_divider=&#8221;off&#8221; _builder_version=&#8221;4.16&#8243; _module_preset=&#8221;default&#8221; custom_margin=&#8221;||||false|false&#8221; custom_padding=&#8221;150px||150px||true|false&#8221; global_colors_info=&#8221;{}&#8221;][\/et_pb_divider][\/et_pb_column][\/et_pb_row][et_pb_row column_structure=&#8221;1_2,1_2&#8243; use_custom_gutter=&#8221;on&#8221; gutter_width=&#8221;2&#8243; make_equal=&#8221;on&#8221; _builder_version=&#8221;4.16&#8243; _module_preset=&#8221;default&#8221; width=&#8221;96%&#8221; width_tablet=&#8221;90%&#8221; width_phone=&#8221;90%&#8221; width_last_edited=&#8221;on|phone&#8221; max_width=&#8221;1300px&#8221; max_width_tablet=&#8221;90%&#8221; max_width_phone=&#8221;90%&#8221; max_width_last_edited=&#8221;on|tablet&#8221; custom_margin=&#8221;|auto|45px|auto|false|false&#8221; custom_padding=&#8221;0px|||||&#8221; global_colors_info=&#8221;{}&#8221;][et_pb_column type=&#8221;1_2&#8243; _builder_version=&#8221;4.16&#8243; _module_preset=&#8221;default&#8221; background_image=&#8221;https:\/\/natur-perlen.dk\/wp-content\/uploads\/2020\/08\/solar-panels-array-system-photovoltaic-clean-energ-HY5VJ5R.jpg&#8221; animation_style=&#8221;fade&#8221; global_colors_info=&#8221;{}&#8221;][et_pb_divider show_divider=&#8221;off&#8221; _builder_version=&#8221;4.16&#8243; _module_preset=&#8221;default&#8221; custom_margin=&#8221;||||false|false&#8221; custom_padding=&#8221;150px||150px||true|false&#8221; global_colors_info=&#8221;{}&#8221;][\/et_pb_divider][\/et_pb_column][et_pb_column type=&#8221;1_2&#8243; _builder_version=&#8221;4.16&#8243; _module_preset=&#8221;default&#8221; animation_style=&#8221;slide&#8221; animation_direction=&#8221;left&#8221; animation_delay=&#8221;200ms&#8221; animation_intensity_slide=&#8221;25%&#8221; global_colors_info=&#8221;{}&#8221;][et_pb_text _builder_version=&#8221;4.16.1&#8243; _module_preset=&#8221;d24f97e9-dc55-4b88-974a-50c38cc11ebf&#8221; animation_style=&#8221;none&#8221; global_colors_info=&#8221;{}&#8221;]<h2>Solernergi\u00a0<\/h2>[\/et_pb_text][et_pb_text _builder_version=&#8221;4.16.1&#8243; _module_preset=&#8221;1775bb8e-3404-4d95-8d49-944d1577bf91&#8243; text_orientation=&#8221;center&#8221; animation_style=&#8221;none&#8221; global_colors_info=&#8221;{}&#8221;]<p>Giver varmt vand i hanen<\/p>[\/et_pb_text][et_pb_text _builder_version=&#8221;4.16.1&#8243; _module_preset=&#8221;default&#8221; animation_style=&#8221;none&#8221; global_colors_info=&#8221;{}&#8221;]<p>P\u00e5 Naturperlen anvender vi solenergi til at drive mange af vores elektriske installationer. Solvarmeanl\u00e6gget giver vores g\u00e6ster varmt vand i hanen varmt og opvarmer vores lejligheder om vinteren. Anl\u00e6gget kan producere varmt vand til alle lejligheder og v\u00e6relser hele sommeren.<\/p>\n<p>Vores anl\u00e6g s\u00f8ger ikke blot for at vi minimere CO2 udslippet, men udnytter ogs\u00e5 en permanent og b\u00e6redygtig ressource (solen). P\u00e5 en solskinsdag skinner solen med en lyseffekt p\u00e5 1000 Watt pr m2. P\u00e5 kun 3 timer bliver jordens overflade bestr\u00e5let af solen i et omfang, der svarer til verdens \u00e5rlige energiforbrug, s\u00e5 der er rigeligt med sol at lave energi af &#8211; ogs\u00e5 i Danmark.<\/p>[\/et_pb_text][\/et_pb_column][\/et_pb_row][et_pb_row column_structure=&#8221;1_2,1_2&#8243; use_custom_gutter=&#8221;on&#8221; gutter_width=&#8221;2&#8243; make_equal=&#8221;on&#8221; _builder_version=&#8221;4.16.1&#8243; _module_preset=&#8221;default&#8221; background_position=&#8221;top_center&#8221; width=&#8221;96%&#8221; width_tablet=&#8221;90%&#8221; width_phone=&#8221;90%&#8221; width_last_edited=&#8221;on|phone&#8221; max_width=&#8221;1300px&#8221; max_width_tablet=&#8221;90%&#8221; max_width_phone=&#8221;90%&#8221; max_width_last_edited=&#8221;on|tablet&#8221; custom_margin=&#8221;|auto|45px|auto|false|false&#8221; custom_padding=&#8221;0px|||||&#8221; global_colors_info=&#8221;{}&#8221;][et_pb_column type=&#8221;1_2&#8243; _builder_version=&#8221;4.16&#8243; _module_preset=&#8221;default&#8221; animation_style=&#8221;slide&#8221; animation_direction=&#8221;left&#8221; animation_delay=&#8221;200ms&#8221; animation_intensity_slide=&#8221;25%&#8221; global_colors_info=&#8221;{}&#8221;][et_pb_text _builder_version=&#8221;4.16&#8243; _module_preset=&#8221;d24f97e9-dc55-4b88-974a-50c38cc11ebf&#8221; animation_style=&#8221;none&#8221; global_colors_info=&#8221;{}&#8221;]<h2>Jordvarme<\/h2>[\/et_pb_text][et_pb_text _builder_version=&#8221;4.16.1&#8243; _module_preset=&#8221;1775bb8e-3404-4d95-8d49-944d1577bf91&#8243; text_orientation=&#8221;center&#8221; animation_style=&#8221;none&#8221; global_colors_info=&#8221;{}&#8221;]<p>Vores prim\u00e6re varmekilde\u00a0<\/p>[\/et_pb_text][et_pb_text _builder_version=&#8221;4.16.1&#8243; _module_preset=&#8221;default&#8221; animation_style=&#8221;none&#8221; global_colors_info=&#8221;{}&#8221;]<p>Temperaturerne i vores natur svinger alt efter n\u00e6rv\u00e6rende s\u00e6son, men under jorden \u00e6ndrer temperaturerne sig ikke s\u00e5 dramatisk, takket v\u00e6re jordens isolerende egenskaber. Under jorden er temperaturerne s\u00e5ledes relativt konstante \u00e5ret rundt. \u00a0<\/p>\n<p>P\u00e5 Naturperlen har vi derfor valgt, at anvende jordvarme som vores prim\u00e6re opvarmningskilde. Det betyder, at den oplagrede, passive solenergi i jordens \u00f8verste lag udnyttes. Et jordvarmeanl\u00e6g best\u00e5r af en r\u00e6kke lange r\u00f8r og en varmepumpe. R\u00f8rene graves ned i jorden. Jo l\u00e6ngere nede r\u00f8rene er, desto mere varme og energi kan der tr\u00e6kkes ud af jorden. Der ligger 1,3 kilometer jordvarmer\u00f8r ved Naturperlen.<\/p>\n<p>Selvom vi bruger en mindre m\u00e6ngde str\u00f8m til at drive selve jordvarmeanl\u00e6gget, er systemet milj\u00f8venligt, da det ikke anvender fossile brandstoffer for at generere varme; vi omdanner blot jordvarmen til energi.<\/p>[\/et_pb_text][\/et_pb_column][et_pb_column type=&#8221;1_2&#8243; _builder_version=&#8221;4.16.1&#8243; _module_preset=&#8221;default&#8221; background_image=&#8221;https:\/\/natur-perlen.dk\/wp-content\/uploads\/2022\/04\/AdobeStock_12638198-scaled.jpeg&#8221; background_size=&#8221;stretch&#8221; animation_style=&#8221;fade&#8221; global_colors_info=&#8221;{}&#8221;][et_pb_divider show_divider=&#8221;off&#8221; _builder_version=&#8221;4.16&#8243; _module_preset=&#8221;default&#8221; custom_margin=&#8221;||||false|false&#8221; custom_padding=&#8221;150px||150px||true|false&#8221; global_colors_info=&#8221;{}&#8221;][\/et_pb_divider][\/et_pb_column][\/et_pb_row][et_pb_row column_structure=&#8221;1_2,1_2&#8243; use_custom_gutter=&#8221;on&#8221; gutter_width=&#8221;2&#8243; make_equal=&#8221;on&#8221; _builder_version=&#8221;4.16.1&#8243; _module_preset=&#8221;default&#8221; width=&#8221;96%&#8221; width_tablet=&#8221;90%&#8221; width_phone=&#8221;90%&#8221; width_last_edited=&#8221;on|phone&#8221; max_width=&#8221;1300px&#8221; max_width_tablet=&#8221;90%&#8221; max_width_phone=&#8221;90%&#8221; max_width_last_edited=&#8221;on|tablet&#8221; custom_margin=&#8221;|auto|45px|auto|false|false&#8221; custom_padding=&#8221;0px|||||&#8221; locked=&#8221;off&#8221; global_colors_info=&#8221;{}&#8221;][et_pb_column type=&#8221;1_2&#8243; _builder_version=&#8221;4.16.1&#8243; _module_preset=&#8221;default&#8221; background_image=&#8221;https:\/\/natur-perlen.dk\/wp-content\/uploads\/2022\/04\/AdobeStock_311197897-scaled.jpeg&#8221; animation_style=&#8221;fade&#8221; global_colors_info=&#8221;{}&#8221;][et_pb_divider show_divider=&#8221;off&#8221; _builder_version=&#8221;4.16&#8243; _module_preset=&#8221;default&#8221; custom_margin=&#8221;||||false|false&#8221; custom_padding=&#8221;150px||150px||true|false&#8221; global_colors_info=&#8221;{}&#8221;][\/et_pb_divider][\/et_pb_column][et_pb_column type=&#8221;1_2&#8243; _builder_version=&#8221;4.16&#8243; _module_preset=&#8221;default&#8221; animation_style=&#8221;slide&#8221; animation_direction=&#8221;left&#8221; animation_delay=&#8221;200ms&#8221; animation_intensity_slide=&#8221;25%&#8221; global_colors_info=&#8221;{}&#8221;][et_pb_text _builder_version=&#8221;4.16&#8243; _module_preset=&#8221;d24f97e9-dc55-4b88-974a-50c38cc11ebf&#8221; animation_style=&#8221;none&#8221; global_colors_info=&#8221;{}&#8221;]<h2>Regnvand<\/h2>[\/et_pb_text][et_pb_text _builder_version=&#8221;4.16.1&#8243; _module_preset=&#8221;1775bb8e-3404-4d95-8d49-944d1577bf91&#8243; text_orientation=&#8221;center&#8221; animation_style=&#8221;none&#8221; global_colors_info=&#8221;{}&#8221;]<p>Til toiletskyl og t\u00f8jvask<\/p>[\/et_pb_text][et_pb_text _builder_version=&#8221;4.16.1&#8243; _module_preset=&#8221;default&#8221; animation_style=&#8221;none&#8221; hover_enabled=&#8221;0&#8243; global_colors_info=&#8221;{}&#8221; sticky_enabled=&#8221;0&#8243;]<p>P\u00e5 Naturperlen ledes al regnvand der rammer bygningens tagflader til en underjordisk regnvandstank. Herfra bliver vandet filtreret, pumpet op og anvendt til toiletskyl, t\u00f8jvask og havevanding. Derved sparer vi v\u00e6sentlige m\u00e6ngder rent drikkevand, hvilket b\u00e5de er til gavn for vores efterkommere og for drifts\u00f8konomien p\u00e5 Perlen.<\/p>\n<p>P\u00e5 sigt har vi et stort \u00f8nske om, at spildevand fra vores badev\u00e6relser (dog ikke toilet) og k\u00f8kkener ligeledes genanvendes efter rensning i vores helt eget rensesystem.<\/p>\n<p>&nbsp;<\/p>[\/et_pb_text][\/et_pb_column][\/et_pb_row][\/et_pb_section]\n","protected":false},"excerpt":{"rendered":"<p>Vi lever op til vores navnog passer p\u00e5 naturenDet er vigtigt for os, at vi lever op til vores navn. Derfor g\u00f8r vi alt vi kan, for at passe p\u00e5 den natur der omgiver os. Af samme grund er vores lejligheder og v\u00e6relser p\u00e5 mange m\u00e5der \u201dgr\u00f8nne\u201d. Solvarme og solenergi, brug af regnvand og jordvarme [&hellip;]<\/p>\n","protected":false},"author":1,"featured_media":0,"parent":0,"menu_order":0,"comment_status":"closed","ping_status":"closed","template":"","meta":{"_et_pb_use_builder":"on","_et_pb_old_content":"","_et_gb_content_width":"","footnotes":""},"class_list":["post-426","page","type-page","status-publish","hentry"],"yoast_head":"<!-- This site is optimized with the Yoast SEO plugin v27.4 - https:\/\/yoast.com\/product\/yoast-seo-wordpress\/ -->\n<title>Naturperlen - vi lever op til vores navn<\/title>\n<meta name=\"description\" content=\"Det er vigtigt for os, at vi lever op til vores navn. Derfor g\u00f8r vi alt vi kan, for at passe p\u00e5 den natur der omgiver os.\" \/>\n<meta name=\"robots\" content=\"index, follow, max-snippet:-1, max-image-preview:large, max-video-preview:-1\" \/>\n<link rel=\"canonical\" href=\"https:\/\/natur-perlen.dk\/en\/miljo\/\" \/>\n<meta property=\"og:locale\" content=\"en_US\" \/>\n<meta property=\"og:type\" content=\"article\" \/>\n<meta property=\"og:title\" content=\"Naturperlen - vi lever op til vores navn\" \/>\n<meta property=\"og:description\" content=\"Det er vigtigt for os, at vi lever op til vores navn. Derfor g\u00f8r vi alt vi kan, for at passe p\u00e5 den natur der omgiver os.\" \/>\n<meta property=\"og:url\" content=\"https:\/\/natur-perlen.dk\/en\/miljo\/\" \/>\n<meta property=\"og:site_name\" content=\"Narturperlen\" \/>\n<meta property=\"article:publisher\" content=\"https:\/\/www.facebook.com\/Naturperlen\" \/>\n<meta property=\"article:modified_time\" content=\"2022-08-25T12:26:40+00:00\" \/>\n<meta property=\"og:image\" content=\"https:\/\/natur-perlen.dk\/wp-content\/uploads\/2020\/09\/DJI_0014-kopi.jpg\" \/>\n\t<meta property=\"og:image:width\" content=\"876\" \/>\n\t<meta property=\"og:image:height\" content=\"555\" \/>\n\t<meta property=\"og:image:type\" content=\"image\/jpeg\" \/>\n<meta name=\"twitter:card\" content=\"summary_large_image\" \/>\n<meta name=\"twitter:label1\" content=\"Est. reading time\" \/>\n\t<meta name=\"twitter:data1\" content=\"5 minutes\" \/>\n<script type=\"application\/ld+json\" class=\"yoast-schema-graph\">{\"@context\":\"https:\\\/\\\/schema.org\",\"@graph\":[{\"@type\":\"WebPage\",\"@id\":\"https:\\\/\\\/natur-perlen.dk\\\/miljo\\\/\",\"url\":\"https:\\\/\\\/natur-perlen.dk\\\/miljo\\\/\",\"name\":\"Naturperlen - vi lever op til vores navn\",\"isPartOf\":{\"@id\":\"https:\\\/\\\/natur-perlen.dk\\\/#website\"},\"datePublished\":\"2020-08-14T09:03:19+00:00\",\"dateModified\":\"2022-08-25T12:26:40+00:00\",\"description\":\"Det er vigtigt for os, at vi lever op til vores navn. Derfor g\u00f8r vi alt vi kan, for at passe p\u00e5 den natur der omgiver os.\",\"breadcrumb\":{\"@id\":\"https:\\\/\\\/natur-perlen.dk\\\/miljo\\\/#breadcrumb\"},\"inLanguage\":\"en-US\",\"potentialAction\":[{\"@type\":\"ReadAction\",\"target\":[\"https:\\\/\\\/natur-perlen.dk\\\/miljo\\\/\"]}]},{\"@type\":\"BreadcrumbList\",\"@id\":\"https:\\\/\\\/natur-perlen.dk\\\/miljo\\\/#breadcrumb\",\"itemListElement\":[{\"@type\":\"ListItem\",\"position\":1,\"name\":\"Hjem\",\"item\":\"https:\\\/\\\/natur-perlen.dk\\\/\"},{\"@type\":\"ListItem\",\"position\":2,\"name\":\"Milj\u00f8\"}]},{\"@type\":\"WebSite\",\"@id\":\"https:\\\/\\\/natur-perlen.dk\\\/#website\",\"url\":\"https:\\\/\\\/natur-perlen.dk\\\/\",\"name\":\"Narturperlen - Ferielejligheder med udsigt\",\"description\":\"Narturperlen - Ferielejligheder med udsigt\",\"publisher\":{\"@id\":\"https:\\\/\\\/natur-perlen.dk\\\/#organization\"},\"alternateName\":\"Natur-perlen\",\"potentialAction\":[{\"@type\":\"SearchAction\",\"target\":{\"@type\":\"EntryPoint\",\"urlTemplate\":\"https:\\\/\\\/natur-perlen.dk\\\/?s={search_term_string}\"},\"query-input\":{\"@type\":\"PropertyValueSpecification\",\"valueRequired\":true,\"valueName\":\"search_term_string\"}}],\"inLanguage\":\"en-US\"},{\"@type\":\"Organization\",\"@id\":\"https:\\\/\\\/natur-perlen.dk\\\/#organization\",\"name\":\"Narturperlen - Ferielejligheder med udsigt\",\"alternateName\":\"Naturperlen\",\"url\":\"https:\\\/\\\/natur-perlen.dk\\\/\",\"logo\":{\"@type\":\"ImageObject\",\"inLanguage\":\"en-US\",\"@id\":\"https:\\\/\\\/natur-perlen.dk\\\/#\\\/schema\\\/logo\\\/image\\\/\",\"url\":\"https:\\\/\\\/natur-perlen.dk\\\/wp-content\\\/uploads\\\/2020\\\/09\\\/DJI_0014-kopi.jpg\",\"contentUrl\":\"https:\\\/\\\/natur-perlen.dk\\\/wp-content\\\/uploads\\\/2020\\\/09\\\/DJI_0014-kopi.jpg\",\"width\":876,\"height\":555,\"caption\":\"Narturperlen - Ferielejligheder med udsigt\"},\"image\":{\"@id\":\"https:\\\/\\\/natur-perlen.dk\\\/#\\\/schema\\\/logo\\\/image\\\/\"},\"sameAs\":[\"https:\\\/\\\/www.facebook.com\\\/Naturperlen\"]}]}<\/script>\n<!-- \/ Yoast SEO plugin. -->","yoast_head_json":{"title":"Naturperlen - vi lever op til vores navn","description":"Det er vigtigt for os, at vi lever op til vores navn. Derfor g\u00f8r vi alt vi kan, for at passe p\u00e5 den natur der omgiver os.","robots":{"index":"index","follow":"follow","max-snippet":"max-snippet:-1","max-image-preview":"max-image-preview:large","max-video-preview":"max-video-preview:-1"},"canonical":"https:\/\/natur-perlen.dk\/en\/miljo\/","og_locale":"en_US","og_type":"article","og_title":"Naturperlen - vi lever op til vores navn","og_description":"Det er vigtigt for os, at vi lever op til vores navn. Derfor g\u00f8r vi alt vi kan, for at passe p\u00e5 den natur der omgiver os.","og_url":"https:\/\/natur-perlen.dk\/en\/miljo\/","og_site_name":"Narturperlen","article_publisher":"https:\/\/www.facebook.com\/Naturperlen","article_modified_time":"2022-08-25T12:26:40+00:00","og_image":[{"width":876,"height":555,"url":"https:\/\/natur-perlen.dk\/wp-content\/uploads\/2020\/09\/DJI_0014-kopi.jpg","type":"image\/jpeg"}],"twitter_card":"summary_large_image","twitter_misc":{"Est. reading time":"5 minutes"},"schema":{"@context":"https:\/\/schema.org","@graph":[{"@type":"WebPage","@id":"https:\/\/natur-perlen.dk\/miljo\/","url":"https:\/\/natur-perlen.dk\/miljo\/","name":"Naturperlen - vi lever op til vores navn","isPartOf":{"@id":"https:\/\/natur-perlen.dk\/#website"},"datePublished":"2020-08-14T09:03:19+00:00","dateModified":"2022-08-25T12:26:40+00:00","description":"Det er vigtigt for os, at vi lever op til vores navn. Derfor g\u00f8r vi alt vi kan, for at passe p\u00e5 den natur der omgiver os.","breadcrumb":{"@id":"https:\/\/natur-perlen.dk\/miljo\/#breadcrumb"},"inLanguage":"en-US","potentialAction":[{"@type":"ReadAction","target":["https:\/\/natur-perlen.dk\/miljo\/"]}]},{"@type":"BreadcrumbList","@id":"https:\/\/natur-perlen.dk\/miljo\/#breadcrumb","itemListElement":[{"@type":"ListItem","position":1,"name":"Hjem","item":"https:\/\/natur-perlen.dk\/"},{"@type":"ListItem","position":2,"name":"Milj\u00f8"}]},{"@type":"WebSite","@id":"https:\/\/natur-perlen.dk\/#website","url":"https:\/\/natur-perlen.dk\/","name":"Narturperlen - Ferielejligheder med udsigt","description":"Narturperlen - Ferielejligheder med udsigt","publisher":{"@id":"https:\/\/natur-perlen.dk\/#organization"},"alternateName":"Natur-perlen","potentialAction":[{"@type":"SearchAction","target":{"@type":"EntryPoint","urlTemplate":"https:\/\/natur-perlen.dk\/?s={search_term_string}"},"query-input":{"@type":"PropertyValueSpecification","valueRequired":true,"valueName":"search_term_string"}}],"inLanguage":"en-US"},{"@type":"Organization","@id":"https:\/\/natur-perlen.dk\/#organization","name":"Narturperlen - Ferielejligheder med udsigt","alternateName":"Naturperlen","url":"https:\/\/natur-perlen.dk\/","logo":{"@type":"ImageObject","inLanguage":"en-US","@id":"https:\/\/natur-perlen.dk\/#\/schema\/logo\/image\/","url":"https:\/\/natur-perlen.dk\/wp-content\/uploads\/2020\/09\/DJI_0014-kopi.jpg","contentUrl":"https:\/\/natur-perlen.dk\/wp-content\/uploads\/2020\/09\/DJI_0014-kopi.jpg","width":876,"height":555,"caption":"Narturperlen - Ferielejligheder med udsigt"},"image":{"@id":"https:\/\/natur-perlen.dk\/#\/schema\/logo\/image\/"},"sameAs":["https:\/\/www.facebook.com\/Naturperlen"]}]}},"_links":{"self":[{"href":"https:\/\/natur-perlen.dk\/en\/wp-json\/wp\/v2\/pages\/426","targetHints":{"allow":["GET"]}}],"collection":[{"href":"https:\/\/natur-perlen.dk\/en\/wp-json\/wp\/v2\/pages"}],"about":[{"href":"https:\/\/natur-perlen.dk\/en\/wp-json\/wp\/v2\/types\/page"}],"author":[{"embeddable":true,"href":"https:\/\/natur-perlen.dk\/en\/wp-json\/wp\/v2\/users\/1"}],"replies":[{"embeddable":true,"href":"https:\/\/natur-perlen.dk\/en\/wp-json\/wp\/v2\/comments?post=426"}],"version-history":[{"count":16,"href":"https:\/\/natur-perlen.dk\/en\/wp-json\/wp\/v2\/pages\/426\/revisions"}],"predecessor-version":[{"id":57304,"href":"https:\/\/natur-perlen.dk\/en\/wp-json\/wp\/v2\/pages\/426\/revisions\/57304"}],"wp:attachment":[{"href":"https:\/\/natur-perlen.dk\/en\/wp-json\/wp\/v2\/media?parent=426"}],"curies":[{"name":"wp","href":"https:\/\/api.w.org\/{rel}","templated":true}]}}