{"id":456,"date":"2020-08-14T09:22:21","date_gmt":"2020-08-14T09:22:21","guid":{"rendered":"https:\/\/natur-perlen.dk\/?page_id=456"},"modified":"2023-12-15T09:22:40","modified_gmt":"2023-12-15T09:22:40","slug":"kontakt","status":"publish","type":"page","link":"https:\/\/natur-perlen.dk\/en\/kontakt\/","title":{"rendered":"Contact"},"content":{"rendered":"<p>[et_pb_section fb_built=&#8221;1&#8243; _builder_version=&#8221;4.5.6&#8243; _module_preset=&#8221;default&#8221; background_image=&#8221;https:\/\/natur-perlen.dk\/wp-content\/uploads\/2020\/08\/backgroundpicture.jpg&#8221; parallax=&#8221;on&#8221; parallax_method=&#8221;off&#8221; custom_margin=&#8221;|2%|0px|2%|false|true&#8221; custom_padding=&#8221;0px||0px||false|false&#8221; border_color_top=&#8221;#669933&#8243; global_module=&#8221;584&#8243; global_colors_info=&#8221;{}&#8221;][et_pb_row _builder_version=&#8221;4.16&#8243; _module_preset=&#8221;default&#8221; global_colors_info=&#8221;{}&#8221;][et_pb_column type=&#8221;4_4&#8243; _builder_version=&#8221;4.16&#8243; _module_preset=&#8221;default&#8221; global_colors_info=&#8221;{}&#8221;][et_pb_divider show_divider=&#8221;off&#8221; _builder_version=&#8221;4.16&#8243; _module_preset=&#8221;default&#8221; custom_padding=&#8221;50px||50px||true|false&#8221; global_colors_info=&#8221;{}&#8221;][\/et_pb_divider][\/et_pb_column][\/et_pb_row][\/et_pb_section][et_pb_section fb_built=&#8221;1&#8243; _builder_version=&#8221;4.16&#8243; background_color=&#8221;#eff7f0&#8243; background_enable_image=&#8221;off&#8221; background_size=&#8221;initial&#8221; background_repeat=&#8221;repeat&#8221; custom_margin=&#8221;|2%|2%|2%|false|true&#8221; custom_padding=&#8221;110px||110px||true|false&#8221; global_colors_info=&#8221;{}&#8221;][et_pb_row column_structure=&#8221;1_2,1_2&#8243; use_custom_gutter=&#8221;on&#8221; gutter_width=&#8221;2&#8243; make_equal=&#8221;on&#8221; _builder_version=&#8221;4.16&#8243; _module_preset=&#8221;default&#8221; width=&#8221;96%&#8221; width_tablet=&#8221;90%&#8221; width_phone=&#8221;90%&#8221; width_last_edited=&#8221;on|phone&#8221; max_width=&#8221;1300px&#8221; max_width_tablet=&#8221;90%&#8221; max_width_phone=&#8221;90%&#8221; max_width_last_edited=&#8221;on|tablet&#8221; custom_margin=&#8221;|auto||auto|false|false&#8221; custom_padding=&#8221;0px||0px|||&#8221; global_colors_info=&#8221;{}&#8221;][et_pb_column type=&#8221;1_2&#8243; _builder_version=&#8221;4.16&#8243; _module_preset=&#8221;default&#8221; animation_style=&#8221;slide&#8221; animation_direction=&#8221;left&#8221; animation_delay=&#8221;200ms&#8221; animation_intensity_slide=&#8221;25%&#8221; global_colors_info=&#8221;{}&#8221;][et_pb_text _builder_version=&#8221;4.16&#8243; _module_preset=&#8221;d24f97e9-dc55-4b88-974a-50c38cc11ebf&#8221; animation_style=&#8221;none&#8221; global_colors_info=&#8221;{}&#8221;]<\/p>\n<h2>Naturperlen<\/h2>\n<p>[\/et_pb_text][et_pb_text _builder_version=&#8221;4.16&#8243; _module_preset=&#8221;1775bb8e-3404-4d95-8d49-944d1577bf91&#8243; text_orientation=&#8221;center&#8221; animation_style=&#8221;none&#8221; global_colors_info=&#8221;{}&#8221;]<\/p>\n<p>Ferielejlighed med udsigt<\/p>\n<p>[\/et_pb_text][et_pb_text _builder_version=&#8221;4.16.1&#8243; _module_preset=&#8221;default&#8221; text_font_size=&#8221;18px&#8221; link_font=&#8221;Ubuntu|300|||||||&#8221; link_text_color=&#8221;#000000&#8243; text_orientation=&#8221;center&#8221; custom_margin=&#8221;50px||||false|false&#8221; animation_style=&#8221;none&#8221; hover_enabled=&#8221;0&#8243; global_colors_info=&#8221;{}&#8221; sticky_enabled=&#8221;0&#8243;]<\/p>\n<p>Vi gl\u00e6der os til at byde dig velkommen p\u00e5 vore lille Perle. Har du sp\u00f8rgsm\u00e5l vedr. din booking eller er der noget du er tvivl om, er du meget velkommen til at kontakte os.<\/p>\n<p>Vi bor p\u00e5: S\u00f8nder Havvej 11, 6230 R\u00f8dekro<\/p>\n<p>E-mail: <a href=\"mailto:kontakt@natur-perlen.dk\">kontakt@natur-perlen.dk<\/a><\/p>\n<p>Telefon:\u00a0<a href=\"tel:+4564659255\">+45 64 65 92 55<\/a><\/p>\n<p>[\/et_pb_text][et_pb_button button_url=&#8221;https:\/\/booking.octopuspms.com\/RoomBook?Code=8be92028-2091-4a38-a438-50e3740a0a0f&#8221; url_new_window=&#8221;on&#8221; button_text=&#8221;TIL BOOKING&#8221; button_alignment=&#8221;center&#8221; _builder_version=&#8221;4.16.1&#8243; custom_button=&#8221;on&#8221; button_text_size=&#8221;12px&#8221; button_text_color=&#8221;#fff8f6&#8243; button_bg_color=&#8221;#326734&#8243; button_border_color=&#8221;#326734&#8243; button_border_radius=&#8221;4px&#8221; button_font=&#8221;Ubuntu|700|||||||&#8221; button_icon=&#8221;&#x24;||divi||400&#8243; button_on_hover=&#8221;off&#8221; custom_margin=&#8221;50px||50px||true|false&#8221; custom_margin_tablet=&#8221;-160px||||false|false&#8221; custom_margin_last_edited=&#8221;off|desktop&#8221; custom_padding=&#8221;7px|43px|7px|29px|true|false&#8221; animation_style=&#8221;slide&#8221; animation_direction=&#8221;left&#8221; locked=&#8221;off&#8221; global_colors_info=&#8221;{}&#8221; button_text_color__hover_enabled=&#8221;on|hover&#8221; button_text_color__hover=&#8221;#ffffff&#8221; button_bg_color__hover_enabled=&#8221;on|desktop&#8221; button_bg_color__hover=&#8221;#669933&#8243; button_bg_enable_color__hover=&#8221;on&#8221; button_border_color__hover_enabled=&#8221;on|hover&#8221; button_border_color__hover=&#8221;#669933&#8243; button_letter_spacing__hover_enabled=&#8221;on|hover&#8221; button_letter_spacing__hover=&#8221;0px&#8221; custom_css_main_element_last_edited=&#8221;off|tablet&#8221;][\/et_pb_button][\/et_pb_column][et_pb_column type=&#8221;1_2&#8243; _builder_version=&#8221;4.16&#8243; _module_preset=&#8221;default&#8221; background_enable_image=&#8221;off&#8221; background_size=&#8221;initial&#8221; animation_style=&#8221;fade&#8221; global_colors_info=&#8221;{}&#8221;][et_pb_image src=&#8221;https:\/\/natur-perlen.dk\/wp-content\/uploads\/2022\/01\/SMT5845-scaled.jpg&#8221; title_text=&#8221;_SMT5845&#8243; _builder_version=&#8221;4.16&#8243; _module_preset=&#8221;default&#8221; global_colors_info=&#8221;{}&#8221;][\/et_pb_image][\/et_pb_column][\/et_pb_row][et_pb_row use_custom_gutter=&#8221;on&#8221; gutter_width=&#8221;2&#8243; make_equal=&#8221;on&#8221; _builder_version=&#8221;4.16&#8243; _module_preset=&#8221;default&#8221; width=&#8221;96%&#8221; width_tablet=&#8221;90%&#8221; width_phone=&#8221;90%&#8221; width_last_edited=&#8221;on|phone&#8221; max_width=&#8221;1300px&#8221; max_width_tablet=&#8221;90%&#8221; max_width_phone=&#8221;90%&#8221; max_width_last_edited=&#8221;on|tablet&#8221; custom_margin=&#8221;|auto||auto|false|false&#8221; custom_padding=&#8221;5vh||5vh||true|false&#8221; locked=&#8221;off&#8221; global_colors_info=&#8221;{}&#8221;][et_pb_column type=&#8221;4_4&#8243; _builder_version=&#8221;4.16&#8243; _module_preset=&#8221;default&#8221; global_colors_info=&#8221;{}&#8221;][et_pb_code _builder_version=&#8221;4.16&#8243; _module_preset=&#8221;default&#8221; global_colors_info=&#8221;{}&#8221;]<iframe loading=\"lazy\" src=\"https:\/\/www.google.com\/maps\/embed?pb=!1m18!1m12!1m3!1d122795.66976088099!2d9.415632257031534!3d55.11833895749726!2m3!1f0!2f0!3f0!3m2!1i1024!2i768!4f13.1!3m3!1m2!1s0x47b4ad66b6d94acd%3A0x4fdfb41f3fba1173!2sNaturperlen!5e0!3m2!1sda!2sdk!4v1597396871635!5m2!1sda!2sdk\" width=\"100%\" height=\"450\" frameborder=\"0\" style=\"border:0;\" allowfullscreen=\"\" aria-hidden=\"false\" tabindex=\"0\"><\/iframe>[\/et_pb_code][\/et_pb_column][\/et_pb_row][\/et_pb_section]<\/p>\n","protected":false},"excerpt":{"rendered":"<p>NaturperlenFerielejlighed med udsigtVi gl\u00e6der os til at byde dig velkommen p\u00e5 vore lille Perle. Har du sp\u00f8rgsm\u00e5l vedr. din booking eller er der noget du er tvivl om, er du meget velkommen til at kontakte os. Vi bor p\u00e5: S\u00f8nder Havvej 11, 6230 R\u00f8dekro E-mail: kontakt@natur-perlen.dk Telefon:\u00a0+45 64 65 92 55<\/p>","protected":false},"author":1,"featured_media":0,"parent":0,"menu_order":0,"comment_status":"closed","ping_status":"closed","template":"","meta":{"_et_pb_use_builder":"on","_et_pb_old_content":"","_et_gb_content_width":"","footnotes":""},"class_list":["post-456","page","type-page","status-publish","hentry"],"yoast_head":"<!-- This site is optimized with the Yoast SEO plugin v27.4 - https:\/\/yoast.com\/product\/yoast-seo-wordpress\/ -->\n<title>Kontakt Naturperlen<\/title>\n<meta name=\"description\" content=\"Vi gl\u00e6der os til at byde dig velkommen p\u00e5 vores lille Perle. Du er altid meget velkommen til at kontakte os p\u00e5 telefon eller mail.\" \/>\n<meta name=\"robots\" content=\"index, follow, max-snippet:-1, max-image-preview:large, max-video-preview:-1\" \/>\n<link rel=\"canonical\" href=\"https:\/\/natur-perlen.dk\/en\/kontakt\/\" \/>\n<meta property=\"og:locale\" content=\"en_US\" \/>\n<meta property=\"og:type\" content=\"article\" \/>\n<meta property=\"og:title\" content=\"Kontakt Naturperlen\" \/>\n<meta property=\"og:description\" content=\"Vi gl\u00e6der os til at byde dig velkommen p\u00e5 vores lille Perle. Du er altid meget velkommen til at kontakte os p\u00e5 telefon eller mail.\" \/>\n<meta property=\"og:url\" content=\"https:\/\/natur-perlen.dk\/en\/kontakt\/\" \/>\n<meta property=\"og:site_name\" content=\"Narturperlen\" \/>\n<meta property=\"article:publisher\" content=\"https:\/\/www.facebook.com\/Naturperlen\" \/>\n<meta property=\"article:modified_time\" content=\"2023-12-15T09:22:40+00:00\" \/>\n<meta property=\"og:image\" content=\"https:\/\/natur-perlen.dk\/wp-content\/uploads\/2020\/09\/DJI_0014-kopi.jpg\" \/>\n\t<meta property=\"og:image:width\" content=\"876\" \/>\n\t<meta property=\"og:image:height\" content=\"555\" \/>\n\t<meta property=\"og:image:type\" content=\"image\/jpeg\" \/>\n<meta name=\"twitter:card\" content=\"summary_large_image\" \/>\n<meta name=\"twitter:label1\" content=\"Est. reading time\" \/>\n\t<meta name=\"twitter:data1\" content=\"2 minutes\" \/>\n<script type=\"application\/ld+json\" class=\"yoast-schema-graph\">{\"@context\":\"https:\\\/\\\/schema.org\",\"@graph\":[{\"@type\":\"WebPage\",\"@id\":\"https:\\\/\\\/natur-perlen.dk\\\/kontakt\\\/\",\"url\":\"https:\\\/\\\/natur-perlen.dk\\\/kontakt\\\/\",\"name\":\"Kontakt Naturperlen\",\"isPartOf\":{\"@id\":\"https:\\\/\\\/natur-perlen.dk\\\/#website\"},\"datePublished\":\"2020-08-14T09:22:21+00:00\",\"dateModified\":\"2023-12-15T09:22:40+00:00\",\"description\":\"Vi gl\u00e6der os til at byde dig velkommen p\u00e5 vores lille Perle. Du er altid meget velkommen til at kontakte os p\u00e5 telefon eller mail.\",\"breadcrumb\":{\"@id\":\"https:\\\/\\\/natur-perlen.dk\\\/kontakt\\\/#breadcrumb\"},\"inLanguage\":\"en-US\",\"potentialAction\":[{\"@type\":\"ReadAction\",\"target\":[\"https:\\\/\\\/natur-perlen.dk\\\/kontakt\\\/\"]}]},{\"@type\":\"BreadcrumbList\",\"@id\":\"https:\\\/\\\/natur-perlen.dk\\\/kontakt\\\/#breadcrumb\",\"itemListElement\":[{\"@type\":\"ListItem\",\"position\":1,\"name\":\"Hjem\",\"item\":\"https:\\\/\\\/natur-perlen.dk\\\/\"},{\"@type\":\"ListItem\",\"position\":2,\"name\":\"Kontakt\"}]},{\"@type\":\"WebSite\",\"@id\":\"https:\\\/\\\/natur-perlen.dk\\\/#website\",\"url\":\"https:\\\/\\\/natur-perlen.dk\\\/\",\"name\":\"Narturperlen - Ferielejligheder med udsigt\",\"description\":\"Narturperlen - Ferielejligheder med udsigt\",\"publisher\":{\"@id\":\"https:\\\/\\\/natur-perlen.dk\\\/#organization\"},\"alternateName\":\"Natur-perlen\",\"potentialAction\":[{\"@type\":\"SearchAction\",\"target\":{\"@type\":\"EntryPoint\",\"urlTemplate\":\"https:\\\/\\\/natur-perlen.dk\\\/?s={search_term_string}\"},\"query-input\":{\"@type\":\"PropertyValueSpecification\",\"valueRequired\":true,\"valueName\":\"search_term_string\"}}],\"inLanguage\":\"en-US\"},{\"@type\":\"Organization\",\"@id\":\"https:\\\/\\\/natur-perlen.dk\\\/#organization\",\"name\":\"Narturperlen - Ferielejligheder med udsigt\",\"alternateName\":\"Naturperlen\",\"url\":\"https:\\\/\\\/natur-perlen.dk\\\/\",\"logo\":{\"@type\":\"ImageObject\",\"inLanguage\":\"en-US\",\"@id\":\"https:\\\/\\\/natur-perlen.dk\\\/#\\\/schema\\\/logo\\\/image\\\/\",\"url\":\"https:\\\/\\\/natur-perlen.dk\\\/wp-content\\\/uploads\\\/2020\\\/09\\\/DJI_0014-kopi.jpg\",\"contentUrl\":\"https:\\\/\\\/natur-perlen.dk\\\/wp-content\\\/uploads\\\/2020\\\/09\\\/DJI_0014-kopi.jpg\",\"width\":876,\"height\":555,\"caption\":\"Narturperlen - Ferielejligheder med udsigt\"},\"image\":{\"@id\":\"https:\\\/\\\/natur-perlen.dk\\\/#\\\/schema\\\/logo\\\/image\\\/\"},\"sameAs\":[\"https:\\\/\\\/www.facebook.com\\\/Naturperlen\"]}]}<\/script>\n<!-- \/ Yoast SEO plugin. -->","yoast_head_json":{"title":"Kontakt Naturperlen","description":"Vi gl\u00e6der os til at byde dig velkommen p\u00e5 vores lille Perle. Du er altid meget velkommen til at kontakte os p\u00e5 telefon eller mail.","robots":{"index":"index","follow":"follow","max-snippet":"max-snippet:-1","max-image-preview":"max-image-preview:large","max-video-preview":"max-video-preview:-1"},"canonical":"https:\/\/natur-perlen.dk\/en\/kontakt\/","og_locale":"en_US","og_type":"article","og_title":"Kontakt Naturperlen","og_description":"Vi gl\u00e6der os til at byde dig velkommen p\u00e5 vores lille Perle. Du er altid meget velkommen til at kontakte os p\u00e5 telefon eller mail.","og_url":"https:\/\/natur-perlen.dk\/en\/kontakt\/","og_site_name":"Narturperlen","article_publisher":"https:\/\/www.facebook.com\/Naturperlen","article_modified_time":"2023-12-15T09:22:40+00:00","og_image":[{"width":876,"height":555,"url":"https:\/\/natur-perlen.dk\/wp-content\/uploads\/2020\/09\/DJI_0014-kopi.jpg","type":"image\/jpeg"}],"twitter_card":"summary_large_image","twitter_misc":{"Est. reading time":"2 minutes"},"schema":{"@context":"https:\/\/schema.org","@graph":[{"@type":"WebPage","@id":"https:\/\/natur-perlen.dk\/kontakt\/","url":"https:\/\/natur-perlen.dk\/kontakt\/","name":"Kontakt Naturperlen","isPartOf":{"@id":"https:\/\/natur-perlen.dk\/#website"},"datePublished":"2020-08-14T09:22:21+00:00","dateModified":"2023-12-15T09:22:40+00:00","description":"Vi gl\u00e6der os til at byde dig velkommen p\u00e5 vores lille Perle. Du er altid meget velkommen til at kontakte os p\u00e5 telefon eller mail.","breadcrumb":{"@id":"https:\/\/natur-perlen.dk\/kontakt\/#breadcrumb"},"inLanguage":"en-US","potentialAction":[{"@type":"ReadAction","target":["https:\/\/natur-perlen.dk\/kontakt\/"]}]},{"@type":"BreadcrumbList","@id":"https:\/\/natur-perlen.dk\/kontakt\/#breadcrumb","itemListElement":[{"@type":"ListItem","position":1,"name":"Hjem","item":"https:\/\/natur-perlen.dk\/"},{"@type":"ListItem","position":2,"name":"Kontakt"}]},{"@type":"WebSite","@id":"https:\/\/natur-perlen.dk\/#website","url":"https:\/\/natur-perlen.dk\/","name":"Narturperlen - Ferielejligheder med udsigt","description":"Narturperlen - Ferielejligheder med udsigt","publisher":{"@id":"https:\/\/natur-perlen.dk\/#organization"},"alternateName":"Natur-perlen","potentialAction":[{"@type":"SearchAction","target":{"@type":"EntryPoint","urlTemplate":"https:\/\/natur-perlen.dk\/?s={search_term_string}"},"query-input":{"@type":"PropertyValueSpecification","valueRequired":true,"valueName":"search_term_string"}}],"inLanguage":"en-US"},{"@type":"Organization","@id":"https:\/\/natur-perlen.dk\/#organization","name":"Narturperlen - Ferielejligheder med udsigt","alternateName":"Naturperlen","url":"https:\/\/natur-perlen.dk\/","logo":{"@type":"ImageObject","inLanguage":"en-US","@id":"https:\/\/natur-perlen.dk\/#\/schema\/logo\/image\/","url":"https:\/\/natur-perlen.dk\/wp-content\/uploads\/2020\/09\/DJI_0014-kopi.jpg","contentUrl":"https:\/\/natur-perlen.dk\/wp-content\/uploads\/2020\/09\/DJI_0014-kopi.jpg","width":876,"height":555,"caption":"Narturperlen - Ferielejligheder med udsigt"},"image":{"@id":"https:\/\/natur-perlen.dk\/#\/schema\/logo\/image\/"},"sameAs":["https:\/\/www.facebook.com\/Naturperlen"]}]}},"_links":{"self":[{"href":"https:\/\/natur-perlen.dk\/en\/wp-json\/wp\/v2\/pages\/456","targetHints":{"allow":["GET"]}}],"collection":[{"href":"https:\/\/natur-perlen.dk\/en\/wp-json\/wp\/v2\/pages"}],"about":[{"href":"https:\/\/natur-perlen.dk\/en\/wp-json\/wp\/v2\/types\/page"}],"author":[{"embeddable":true,"href":"https:\/\/natur-perlen.dk\/en\/wp-json\/wp\/v2\/users\/1"}],"replies":[{"embeddable":true,"href":"https:\/\/natur-perlen.dk\/en\/wp-json\/wp\/v2\/comments?post=456"}],"version-history":[{"count":21,"href":"https:\/\/natur-perlen.dk\/en\/wp-json\/wp\/v2\/pages\/456\/revisions"}],"predecessor-version":[{"id":57356,"href":"https:\/\/natur-perlen.dk\/en\/wp-json\/wp\/v2\/pages\/456\/revisions\/57356"}],"wp:attachment":[{"href":"https:\/\/natur-perlen.dk\/en\/wp-json\/wp\/v2\/media?parent=456"}],"curies":[{"name":"wp","href":"https:\/\/api.w.org\/{rel}","templated":true}]}}