{"id":57044,"date":"2022-04-06T11:14:41","date_gmt":"2022-04-06T11:14:41","guid":{"rendered":"https:\/\/natur-perlen.dk\/?page_id=57044"},"modified":"2022-08-25T12:24:55","modified_gmt":"2022-08-25T12:24:55","slug":"om-os","status":"publish","type":"page","link":"https:\/\/natur-perlen.dk\/en\/om-os\/","title":{"rendered":"About us"},"content":{"rendered":"\n[et_pb_section fb_built=&#8221;1&#8243; _builder_version=&#8221;4.16&#8243; background_color=&#8221;#eff7f0&#8243; background_enable_image=&#8221;off&#8221; background_size=&#8221;initial&#8221; background_repeat=&#8221;repeat&#8221; custom_margin=&#8221;|2%|2%|2%|false|true&#8221; custom_padding=&#8221;110px||30px||false|false&#8221; locked=&#8221;off&#8221; global_colors_info=&#8221;{}&#8221;][et_pb_row column_structure=&#8221;1_2,1_2&#8243; use_custom_gutter=&#8221;on&#8221; gutter_width=&#8221;2&#8243; make_equal=&#8221;on&#8221; _builder_version=&#8221;4.16&#8243; _module_preset=&#8221;default&#8221; width=&#8221;96%&#8221; width_tablet=&#8221;90%&#8221; width_phone=&#8221;90%&#8221; width_last_edited=&#8221;on|phone&#8221; max_width=&#8221;1300px&#8221; max_width_tablet=&#8221;90%&#8221; max_width_phone=&#8221;90%&#8221; max_width_last_edited=&#8221;on|tablet&#8221; custom_margin=&#8221;|auto|45px|auto|false|false&#8221; custom_padding=&#8221;0px|||||&#8221; global_colors_info=&#8221;{}&#8221;][et_pb_column type=&#8221;1_2&#8243; _builder_version=&#8221;4.16&#8243; _module_preset=&#8221;default&#8221; background_image=&#8221;https:\/\/natur-perlen.dk\/wp-content\/uploads\/2022\/01\/SMT5903-scaled.jpg&#8221; background_position=&#8221;top_center&#8221; animation_style=&#8221;fade&#8221; global_colors_info=&#8221;{}&#8221;][\/et_pb_column][et_pb_column type=&#8221;1_2&#8243; _builder_version=&#8221;4.16&#8243; _module_preset=&#8221;default&#8221; animation_style=&#8221;slide&#8221; animation_direction=&#8221;left&#8221; animation_delay=&#8221;200ms&#8221; animation_intensity_slide=&#8221;25%&#8221; global_colors_info=&#8221;{}&#8221;][et_pb_text _builder_version=&#8221;4.16.1&#8243; _module_preset=&#8221;d24f97e9-dc55-4b88-974a-50c38cc11ebf&#8221; animation_style=&#8221;none&#8221; global_colors_info=&#8221;{}&#8221;]<h2>Om os<\/h2>[\/et_pb_text][et_pb_text _builder_version=&#8221;4.16.1&#8243; _module_preset=&#8221;1775bb8e-3404-4d95-8d49-944d1577bf91&#8243; text_orientation=&#8221;center&#8221; animation_style=&#8221;none&#8221; global_colors_info=&#8221;{}&#8221;]<p>og vores lille perle<\/p>[\/et_pb_text][et_pb_text _builder_version=&#8221;4.16.1&#8243; _module_preset=&#8221;default&#8221; animation_style=&#8221;none&#8221; global_colors_info=&#8221;{}&#8221;]<p><strong>Historien om os og om Naturperlen er i h\u00f8j grad en historie om tilf\u00e6ldigheder og en hel masse k\u00e6rlighed.<\/strong><\/p>\n<p>Naturperlen er bygget af Lillemor Magrethe og \u00dcberboss Preben. Parret er oprindeligt fra det centrale S\u00f8nderjylland, har bes\u00f8gt Kalv\u00f8 siden starten af 1990erne, hvor de har nydt mange somre og st\u00e5et p\u00e5 vandski med b\u00e5de b\u00f8rn, familie og venner.<\/p>\n<p>Til et arrangement i omr\u00e5det har Margrethe og Preben brug for et sted at sove. Preben mener bestemt at kunne huske, at der ligger et lille B&amp;B p\u00e5 S\u00f8nder Havvej ved Kalv\u00f8, og beslutter sig for at bev\u00e6ge sig ud p\u00e5 det vilde internet for at finde adresse og telefonnummer. Det er ikke an annonce fra booking.com eller en smart hjemmeside der kommer frem i hans s\u00f8gning. Det er en salgsannonce fra Nybolig. Preben bliver s\u00e5 begejstret at han bestiller en fremvisning.<\/p>\n<p>Med b\u00e5de b\u00f8rn og svigerb\u00f8rn p\u00e5 sl\u00e6b, er de ude at se p\u00e5 stedet. Familiens ny-udl\u00e6rte t\u00f8mre proklamere med det samme at \u201ddet l\u00e5rd skal bare rives ned\u201d. Efter mange forhandlinger en masse beregninger og flotte tegninger af deres kommende hjem, st\u00e5r Preben og Magrethe med n\u00f8glerne i h\u00e5nden ca. 9 mdr. Efter den f\u00f8rste fremvisning.<\/p>\n<p>Historien slutter \u00a0dog ikke her\u2026<\/p>\n<p>Lillemor Margrethe bliver s\u00e5 begejstret for sit nye hjem, at hun gerne vil dele roen og den smukke udsigt med andre. Tegningerne m\u00e5 uden tvivl revideres og tankerne omkring et roligt feriested, b\u00e6redygtighed og tilg\u00e6ngelighed for alle f\u00e5r sin begyndelse.<\/p>\n<p>Under byggeriet, som Preben selv st\u00e5r for, er han ikke helt tilfreds med kvaliteten af byggematerialer og interi\u00f8r. Han beslutter sig derfor for at opgradere 90% af alle materialer \u2013 for det skal jo laves ordentligt, s\u00e5 det holder. Da byggeriet st\u00e5r f\u00e6rdigt i 2014 har Preben brugt budgettet mere end 1 gang og er kommet til at g\u00f8re lidt mere ud af stedet end det egentlig var meningen.<\/p>\n<p>F\u00f8rste udlejning sker i for\u00e5ret 2014. Siden har vi haft mange g\u00e6ster p\u00e5 bes\u00f8g, og heldigvis er de ogs\u00e5 begejstrede som Margrethe var dengang i 2012. Vi gl\u00e6der os derfor til at vise dig vores smukke sted og byde dig velkommen til ren idyl og afslapning.<\/p>[\/et_pb_text][et_pb_text _builder_version=&#8221;4.16.1&#8243; _module_preset=&#8221;default&#8221; text_font=&#8221;Ubuntu|700||on|||||&#8221; text_text_color=&#8221;#ffffff&#8221; text_font_size=&#8221;12px&#8221; background_color=&#8221;#326734&#8243; text_orientation=&#8221;center&#8221; width=&#8221;250px&#8221; module_alignment=&#8221;center&#8221; custom_padding=&#8221;7px||7px||true|false&#8221; link_option_url=&#8221;https:\/\/booking.octopuspms.com\/RoomBook?Code=8be92028-2091-4a38-a438-50e3740a0a0f&#8221; hover_enabled=&#8221;0&#8243; border_radii=&#8221;on|3px|3px|3px|3px&#8221; locked=&#8221;off&#8221; global_colors_info=&#8221;{}&#8221; background__hover_enabled=&#8221;on|hover&#8221; background_color__hover=&#8221;#669933&#8243; background_enable_color__hover=&#8221;on&#8221; link_option_url_new_window=&#8221;on&#8221; sticky_enabled=&#8221;0&#8243;]<p>Book nu<\/p>[\/et_pb_text][\/et_pb_column][\/et_pb_row][\/et_pb_section][et_pb_section fb_built=&#8221;1&#8243; _builder_version=&#8221;4.16.1&#8243; custom_margin=&#8221;|2%|2%|2%|false|true&#8221; custom_padding=&#8221;0px||10vh||false|false&#8221; global_colors_info=&#8221;{}&#8221;][et_pb_row use_custom_gutter=&#8221;on&#8221; gutter_width=&#8221;2&#8243; make_equal=&#8221;on&#8221; _builder_version=&#8221;4.16&#8243; width=&#8221;96%&#8221; width_tablet=&#8221;90%&#8221; width_phone=&#8221;90%&#8221; width_last_edited=&#8221;on|phone&#8221; max_width=&#8221;1300px&#8221; max_width_tablet=&#8221;90%&#8221; max_width_phone=&#8221;90%&#8221; max_width_last_edited=&#8221;on|tablet&#8221; custom_padding=&#8221;0px|||||&#8221; locked=&#8221;off&#8221; global_colors_info=&#8221;{}&#8221;][et_pb_column type=&#8221;4_4&#8243; _builder_version=&#8221;4.16&#8243; global_colors_info=&#8221;{}&#8221;][et_pb_divider show_divider=&#8221;off&#8221; admin_label=&#8221;Divider&#8221; module_id=&#8221;naturperlenudenfor&#8221; _builder_version=&#8221;4.16&#8243; _module_preset=&#8221;default&#8221; custom_margin=&#8221;||||false&#8221; custom_padding=&#8221;25px||25px||true|false&#8221; global_colors_info=&#8221;{}&#8221;][\/et_pb_divider][et_pb_text _builder_version=&#8221;4.16.1&#8243; _module_preset=&#8221;d24f97e9-dc55-4b88-974a-50c38cc11ebf&#8221; global_colors_info=&#8221;{}&#8221;]<h2>Naturperlens byggeprocess<\/h2>[\/et_pb_text][et_pb_text _builder_version=&#8221;4.16.1&#8243; _module_preset=&#8221;1775bb8e-3404-4d95-8d49-944d1577bf91&#8243; text_orientation=&#8221;center&#8221; global_colors_info=&#8221;{}&#8221;]<p>fra 1970 til 2022<\/p>[\/et_pb_text][et_pb_gallery gallery_ids=&#8221;57100,57101,57103,57104,57105,699,687,57106&#8243; posts_number=&#8221;60&#8243; show_title_and_caption=&#8221;off&#8221; show_pagination=&#8221;off&#8221; zoom_icon_color=&#8221;#326734&#8243; hover_overlay_color=&#8221;rgba(157,201,105,0.31)&#8221; _builder_version=&#8221;4.16.1&#8243; _module_preset=&#8221;default&#8221; global_colors_info=&#8221;{}&#8221;][\/et_pb_gallery][\/et_pb_column][\/et_pb_row][\/et_pb_section]\n","protected":false},"excerpt":{"rendered":"<p>Om osog vores lille perleHistorien om os og om Naturperlen er i h\u00f8j grad en historie om tilf\u00e6ldigheder og en hel masse k\u00e6rlighed. Naturperlen er bygget af Lillemor Magrethe og \u00dcberboss Preben. Parret er oprindeligt fra det centrale S\u00f8nderjylland, har bes\u00f8gt Kalv\u00f8 siden starten af 1990erne, hvor de har nydt mange somre og st\u00e5et p\u00e5 [&hellip;]<\/p>\n","protected":false},"author":1,"featured_media":0,"parent":0,"menu_order":0,"comment_status":"closed","ping_status":"closed","template":"","meta":{"_et_pb_use_builder":"on","_et_pb_old_content":"","_et_gb_content_width":"","footnotes":""},"class_list":["post-57044","page","type-page","status-publish","hentry"],"yoast_head":"<!-- This site is optimized with the Yoast SEO plugin v27.4 - https:\/\/yoast.com\/product\/yoast-seo-wordpress\/ -->\n<title>Naturperlens historie<\/title>\n<meta name=\"description\" content=\"Historien om os vores sk\u00f8nne sted Naturperlen, er i h\u00f8j grad en historie om tilf\u00e6ldigheder, passion og en hel masse k\u00e6rlighed.\" \/>\n<meta name=\"robots\" content=\"index, follow, max-snippet:-1, max-image-preview:large, max-video-preview:-1\" \/>\n<link rel=\"canonical\" href=\"https:\/\/natur-perlen.dk\/en\/om-os\/\" \/>\n<meta property=\"og:locale\" content=\"en_US\" \/>\n<meta property=\"og:type\" content=\"article\" \/>\n<meta property=\"og:title\" content=\"Naturperlens historie\" \/>\n<meta property=\"og:description\" content=\"Historien om os vores sk\u00f8nne sted Naturperlen, er i h\u00f8j grad en historie om tilf\u00e6ldigheder, passion og en hel masse k\u00e6rlighed.\" \/>\n<meta property=\"og:url\" content=\"https:\/\/natur-perlen.dk\/en\/om-os\/\" \/>\n<meta property=\"og:site_name\" content=\"Narturperlen\" \/>\n<meta property=\"article:publisher\" content=\"https:\/\/www.facebook.com\/Naturperlen\" \/>\n<meta property=\"article:modified_time\" content=\"2022-08-25T12:24:55+00:00\" \/>\n<meta property=\"og:image\" content=\"https:\/\/natur-perlen.dk\/wp-content\/uploads\/2020\/09\/DJI_0014-kopi.jpg\" \/>\n\t<meta property=\"og:image:width\" content=\"876\" \/>\n\t<meta property=\"og:image:height\" content=\"555\" \/>\n\t<meta property=\"og:image:type\" content=\"image\/jpeg\" \/>\n<meta name=\"twitter:card\" content=\"summary_large_image\" \/>\n<meta name=\"twitter:label1\" content=\"Est. reading time\" \/>\n\t<meta name=\"twitter:data1\" content=\"3 minutes\" \/>\n<script type=\"application\/ld+json\" class=\"yoast-schema-graph\">{\"@context\":\"https:\\\/\\\/schema.org\",\"@graph\":[{\"@type\":\"WebPage\",\"@id\":\"https:\\\/\\\/natur-perlen.dk\\\/om-os\\\/\",\"url\":\"https:\\\/\\\/natur-perlen.dk\\\/om-os\\\/\",\"name\":\"Naturperlens historie\",\"isPartOf\":{\"@id\":\"https:\\\/\\\/natur-perlen.dk\\\/#website\"},\"datePublished\":\"2022-04-06T11:14:41+00:00\",\"dateModified\":\"2022-08-25T12:24:55+00:00\",\"description\":\"Historien om os vores sk\u00f8nne sted Naturperlen, er i h\u00f8j grad en historie om tilf\u00e6ldigheder, passion og en hel masse k\u00e6rlighed.\",\"breadcrumb\":{\"@id\":\"https:\\\/\\\/natur-perlen.dk\\\/om-os\\\/#breadcrumb\"},\"inLanguage\":\"en-US\",\"potentialAction\":[{\"@type\":\"ReadAction\",\"target\":[\"https:\\\/\\\/natur-perlen.dk\\\/om-os\\\/\"]}]},{\"@type\":\"BreadcrumbList\",\"@id\":\"https:\\\/\\\/natur-perlen.dk\\\/om-os\\\/#breadcrumb\",\"itemListElement\":[{\"@type\":\"ListItem\",\"position\":1,\"name\":\"Hjem\",\"item\":\"https:\\\/\\\/natur-perlen.dk\\\/\"},{\"@type\":\"ListItem\",\"position\":2,\"name\":\"Om os\"}]},{\"@type\":\"WebSite\",\"@id\":\"https:\\\/\\\/natur-perlen.dk\\\/#website\",\"url\":\"https:\\\/\\\/natur-perlen.dk\\\/\",\"name\":\"Narturperlen - Ferielejligheder med udsigt\",\"description\":\"Narturperlen - Ferielejligheder med udsigt\",\"publisher\":{\"@id\":\"https:\\\/\\\/natur-perlen.dk\\\/#organization\"},\"alternateName\":\"Natur-perlen\",\"potentialAction\":[{\"@type\":\"SearchAction\",\"target\":{\"@type\":\"EntryPoint\",\"urlTemplate\":\"https:\\\/\\\/natur-perlen.dk\\\/?s={search_term_string}\"},\"query-input\":{\"@type\":\"PropertyValueSpecification\",\"valueRequired\":true,\"valueName\":\"search_term_string\"}}],\"inLanguage\":\"en-US\"},{\"@type\":\"Organization\",\"@id\":\"https:\\\/\\\/natur-perlen.dk\\\/#organization\",\"name\":\"Narturperlen - Ferielejligheder med udsigt\",\"alternateName\":\"Naturperlen\",\"url\":\"https:\\\/\\\/natur-perlen.dk\\\/\",\"logo\":{\"@type\":\"ImageObject\",\"inLanguage\":\"en-US\",\"@id\":\"https:\\\/\\\/natur-perlen.dk\\\/#\\\/schema\\\/logo\\\/image\\\/\",\"url\":\"https:\\\/\\\/natur-perlen.dk\\\/wp-content\\\/uploads\\\/2020\\\/09\\\/DJI_0014-kopi.jpg\",\"contentUrl\":\"https:\\\/\\\/natur-perlen.dk\\\/wp-content\\\/uploads\\\/2020\\\/09\\\/DJI_0014-kopi.jpg\",\"width\":876,\"height\":555,\"caption\":\"Narturperlen - Ferielejligheder med udsigt\"},\"image\":{\"@id\":\"https:\\\/\\\/natur-perlen.dk\\\/#\\\/schema\\\/logo\\\/image\\\/\"},\"sameAs\":[\"https:\\\/\\\/www.facebook.com\\\/Naturperlen\"]}]}<\/script>\n<!-- \/ Yoast SEO plugin. -->","yoast_head_json":{"title":"Naturperlens historie","description":"Historien om os vores sk\u00f8nne sted Naturperlen, er i h\u00f8j grad en historie om tilf\u00e6ldigheder, passion og en hel masse k\u00e6rlighed.","robots":{"index":"index","follow":"follow","max-snippet":"max-snippet:-1","max-image-preview":"max-image-preview:large","max-video-preview":"max-video-preview:-1"},"canonical":"https:\/\/natur-perlen.dk\/en\/om-os\/","og_locale":"en_US","og_type":"article","og_title":"Naturperlens historie","og_description":"Historien om os vores sk\u00f8nne sted Naturperlen, er i h\u00f8j grad en historie om tilf\u00e6ldigheder, passion og en hel masse k\u00e6rlighed.","og_url":"https:\/\/natur-perlen.dk\/en\/om-os\/","og_site_name":"Narturperlen","article_publisher":"https:\/\/www.facebook.com\/Naturperlen","article_modified_time":"2022-08-25T12:24:55+00:00","og_image":[{"width":876,"height":555,"url":"https:\/\/natur-perlen.dk\/wp-content\/uploads\/2020\/09\/DJI_0014-kopi.jpg","type":"image\/jpeg"}],"twitter_card":"summary_large_image","twitter_misc":{"Est. reading time":"3 minutes"},"schema":{"@context":"https:\/\/schema.org","@graph":[{"@type":"WebPage","@id":"https:\/\/natur-perlen.dk\/om-os\/","url":"https:\/\/natur-perlen.dk\/om-os\/","name":"Naturperlens historie","isPartOf":{"@id":"https:\/\/natur-perlen.dk\/#website"},"datePublished":"2022-04-06T11:14:41+00:00","dateModified":"2022-08-25T12:24:55+00:00","description":"Historien om os vores sk\u00f8nne sted Naturperlen, er i h\u00f8j grad en historie om tilf\u00e6ldigheder, passion og en hel masse k\u00e6rlighed.","breadcrumb":{"@id":"https:\/\/natur-perlen.dk\/om-os\/#breadcrumb"},"inLanguage":"en-US","potentialAction":[{"@type":"ReadAction","target":["https:\/\/natur-perlen.dk\/om-os\/"]}]},{"@type":"BreadcrumbList","@id":"https:\/\/natur-perlen.dk\/om-os\/#breadcrumb","itemListElement":[{"@type":"ListItem","position":1,"name":"Hjem","item":"https:\/\/natur-perlen.dk\/"},{"@type":"ListItem","position":2,"name":"Om os"}]},{"@type":"WebSite","@id":"https:\/\/natur-perlen.dk\/#website","url":"https:\/\/natur-perlen.dk\/","name":"Narturperlen - Ferielejligheder med udsigt","description":"Narturperlen - Ferielejligheder med udsigt","publisher":{"@id":"https:\/\/natur-perlen.dk\/#organization"},"alternateName":"Natur-perlen","potentialAction":[{"@type":"SearchAction","target":{"@type":"EntryPoint","urlTemplate":"https:\/\/natur-perlen.dk\/?s={search_term_string}"},"query-input":{"@type":"PropertyValueSpecification","valueRequired":true,"valueName":"search_term_string"}}],"inLanguage":"en-US"},{"@type":"Organization","@id":"https:\/\/natur-perlen.dk\/#organization","name":"Narturperlen - Ferielejligheder med udsigt","alternateName":"Naturperlen","url":"https:\/\/natur-perlen.dk\/","logo":{"@type":"ImageObject","inLanguage":"en-US","@id":"https:\/\/natur-perlen.dk\/#\/schema\/logo\/image\/","url":"https:\/\/natur-perlen.dk\/wp-content\/uploads\/2020\/09\/DJI_0014-kopi.jpg","contentUrl":"https:\/\/natur-perlen.dk\/wp-content\/uploads\/2020\/09\/DJI_0014-kopi.jpg","width":876,"height":555,"caption":"Narturperlen - Ferielejligheder med udsigt"},"image":{"@id":"https:\/\/natur-perlen.dk\/#\/schema\/logo\/image\/"},"sameAs":["https:\/\/www.facebook.com\/Naturperlen"]}]}},"_links":{"self":[{"href":"https:\/\/natur-perlen.dk\/en\/wp-json\/wp\/v2\/pages\/57044","targetHints":{"allow":["GET"]}}],"collection":[{"href":"https:\/\/natur-perlen.dk\/en\/wp-json\/wp\/v2\/pages"}],"about":[{"href":"https:\/\/natur-perlen.dk\/en\/wp-json\/wp\/v2\/types\/page"}],"author":[{"embeddable":true,"href":"https:\/\/natur-perlen.dk\/en\/wp-json\/wp\/v2\/users\/1"}],"replies":[{"embeddable":true,"href":"https:\/\/natur-perlen.dk\/en\/wp-json\/wp\/v2\/comments?post=57044"}],"version-history":[{"count":9,"href":"https:\/\/natur-perlen.dk\/en\/wp-json\/wp\/v2\/pages\/57044\/revisions"}],"predecessor-version":[{"id":57303,"href":"https:\/\/natur-perlen.dk\/en\/wp-json\/wp\/v2\/pages\/57044\/revisions\/57303"}],"wp:attachment":[{"href":"https:\/\/natur-perlen.dk\/en\/wp-json\/wp\/v2\/media?parent=57044"}],"curies":[{"name":"wp","href":"https:\/\/api.w.org\/{rel}","templated":true}]}}