{"id":57369,"date":"2022-11-02T08:52:05","date_gmt":"2022-11-02T08:52:05","guid":{"rendered":"https:\/\/natur-perlen.dk\/?page_id=57369"},"modified":"2024-04-10T07:11:36","modified_gmt":"2024-04-10T07:11:36","slug":"morgenmad","status":"publish","type":"page","link":"https:\/\/natur-perlen.dk\/en\/morgenmad\/","title":{"rendered":"Breakfast"},"content":{"rendered":"<p>[et_pb_section fb_built=&#8221;1&#8243; _builder_version=&#8221;4.24.0&#8243; _module_preset=&#8221;default&#8221; min_height=&#8221;508.9px&#8221; custom_padding=&#8221;0px||0px|||&#8221; global_colors_info=&#8221;{}&#8221;][et_pb_row column_structure=&#8221;1_2,1_2&#8243; _builder_version=&#8221;4.24.0&#8243; _module_preset=&#8221;default&#8221; min_height=&#8221;827.7px&#8221; custom_padding=&#8221;||111px|||&#8221; global_colors_info=&#8221;{}&#8221;][et_pb_column type=&#8221;1_2&#8243; _builder_version=&#8221;4.24.0&#8243; _module_preset=&#8221;default&#8221; global_colors_info=&#8221;{}&#8221;][et_pb_image src=&#8221;https:\/\/natur-perlen.dk\/wp-content\/uploads\/2023\/03\/DSC_7487-1.jpg&#8221; title_text=&#8221;DSC_7487&#8243; _builder_version=&#8221;4.24.3&#8243; _module_preset=&#8221;default&#8221; transform_scale=&#8221;101%|101%&#8221; module_alignment=&#8221;left&#8221; hover_enabled=&#8221;0&#8243; border_radii=&#8221;off||||&#8221; border_width_all=&#8221;9px&#8221; border_color_all=&#8221;#9DC969&#8243; global_colors_info=&#8221;{}&#8221; src_last_edited=&#8221;on|phone&#8221; sticky_enabled=&#8221;0&#8243; src_tablet=&#8221;https:\/\/natur-perlen.dk\/wp-content\/uploads\/2023\/03\/DSC_7487-1.jpg&#8221; src_phone=&#8221;https:\/\/natur-perlen.dk\/wp-content\/uploads\/2023\/03\/DSC_7487-1.jpg&#8221;][\/et_pb_image][\/et_pb_column][et_pb_column type=&#8221;1_2&#8243; _builder_version=&#8221;4.24.0&#8243; _module_preset=&#8221;default&#8221; global_colors_info=&#8221;{}&#8221;][et_pb_blurb title=&#8221;VORES L\u00c6KRE MORGENMADS PLATTE&#8221; url=&#8221;https:\/\/www.findsmiley.dk\/Sider\/Search.aspx?k=naturperlen&#8221; url_new_window=&#8221;on&#8221; image_icon_background_color=&#8221;#000000&#8243; icon_placement=&#8221;left&#8221; _builder_version=&#8221;4.24.3&#8243; _module_preset=&#8221;default&#8221; header_font=&#8221;||||||||&#8221; header_text_align=&#8221;left&#8221; header_text_color=&#8221;#FFFFFF&#8221; header_font_size=&#8221;18px&#8221; background_color=&#8221;#FFFFFF&#8221; custom_padding=&#8221;0px||||false|false&#8221; link_option_url=&#8221;https:\/\/www.findsmiley.dk\/Sider\/Search.aspx?k=naturperlen&#8221; hover_enabled=&#8221;0&#8243; global_colors_info=&#8221;{}&#8221; sticky_enabled=&#8221;0&#8243; header_level=&#8221;h1&#8243; custom_margin=&#8221;-29px||||false|false&#8221;]<\/p>\n<h1 style=\"padding-left: 120px; text-align: left;\"><span style=\"text-decoration: underline;\"><strong><span style=\"font-size: xx-large;\">VORES <\/span><\/strong><\/span><span style=\"text-decoration: underline;\"><strong><span style=\"font-size: xx-large;\">L\u00c6KRE<\/span><\/strong><\/span><\/h1>\n<h1 style=\"padding-left: 80px; text-align: left;\"><span style=\"text-decoration: underline;\"><strong><span style=\"font-size: xx-large;\"><\/span><\/strong><\/span><\/h1>\n<h1 style=\"padding-left: 80px; text-align: left;\"><span style=\"text-decoration: underline;\"><strong><span style=\"font-size: xx-large;\"> <\/span><\/strong><\/span><span style=\"text-decoration: underline;\"><strong><span style=\"font-size: xx-large;\">MORGENMADS PLATTE<\/span><\/strong><\/span><\/h1>\n<p><span style=\"font-size: large;\"><\/span><\/p>\n<p><span style=\"font-size: large;\"><\/span><\/p>\n<p><span style=\"font-size: large;\"><\/span><\/p>\n<p style=\"text-align: center;\"><span style=\"font-size: large;\">Perlen kan med gl\u00e6de tilbyde vores l\u00e6kre morgenmads platte.<\/span><\/p>\n<p><span style=\"font-size: large;\">\u00a0<\/span><\/p>\n<ul>\n<li style=\"text-align: justify;\"><span style=\"font-size: large;\">\u00a0Rugbr\u00f8d, hjemmebagte morgenbr\u00f8d og cookie<\/span><\/li>\n<li style=\"text-align: justify;\"><span style=\"font-size: large;\">\u00a0Tallerken med p\u00e5l\u00e6g, ost og friske gr\u00f8ntsager<\/span><\/li>\n<li style=\"text-align: justify;\"><span style=\"font-size: large;\">\u00a0M\u00e6lk, yoghurt og juice<\/span><\/li>\n<li style=\"text-align: justify;\"><span style=\"font-size: large;\">\u00a0Friske r\u00e5 \u00e6g du selv skal tilberede<\/span><\/li>\n<li style=\"text-align: justify;\"><span style=\"font-size: large;\">\u00a0Cornflakes, m\u00fcsli, havregryn og n\u00f8dder<\/span><\/li>\n<li style=\"text-align: justify;\"><span style=\"font-size: large;\">\u00a0Marmelade og honning<\/span><\/li>\n<li style=\"text-align: justify;\"><span style=\"font-size: large;\">\u00a0Frisk frugt<\/span><\/li>\n<\/ul>\n<p style=\"text-align: justify;\"><span style=\"font-size: large;\"><strong>\u00a0<\/strong><\/span><\/p>\n<p style=\"text-align: justify;\"><span style=\"font-size: large;\"><strong>Bestil din morgenmad med det samme, n\u00e5r du booker.<\/strong><\/span><\/p>\n<p>[\/et_pb_blurb][et_pb_button button_url=&#8221;https:\/\/www.findsmiley.dk\/Sider\/Search.aspx?k=naturperlen&#8221; button_text=&#8221;Se kontrolrapport fra f\u00f8devarestyrelsen &#8221; _builder_version=&#8221;4.24.0&#8243; _module_preset=&#8221;default&#8221; custom_button=&#8221;on&#8221; button_text_size=&#8221;15px&#8221; button_text_color=&#8221;#FFFFFF&#8221; button_bg_color=&#8221;#9DC969&#8243; button_border_width=&#8221;21px&#8221; button_border_color=&#8221;#FFFFFF&#8221; button_border_radius=&#8221;3px&#8221; button_letter_spacing=&#8221;1px&#8221; button_icon_color=&#8221;#FFFFFF&#8221; global_colors_info=&#8221;{}&#8221;][\/et_pb_button][\/et_pb_column][\/et_pb_row][\/et_pb_section]<\/p>\n","protected":false},"excerpt":{"rendered":"<p>VORES L\u00c6KRE MORGENMADS PLATTE Perlen kan med gl\u00e6de tilbyde vores l\u00e6kre morgenmads platte. \u00a0 \u00a0Rugbr\u00f8d, hjemmebagte morgenbr\u00f8d og cookie \u00a0Tallerken med p\u00e5l\u00e6g, ost og friske gr\u00f8ntsager \u00a0M\u00e6lk, yoghurt og juice \u00a0Friske r\u00e5 \u00e6g du selv skal tilberede \u00a0Cornflakes, m\u00fcsli, havregryn og n\u00f8dder \u00a0Marmelade og honning \u00a0Frisk frugt \u00a0 Bestil din morgenmad med det samme, n\u00e5r [&hellip;]<\/p>\n","protected":false},"author":6,"featured_media":0,"parent":0,"menu_order":0,"comment_status":"closed","ping_status":"closed","template":"","meta":{"_et_pb_use_builder":"on","_et_pb_old_content":"","_et_gb_content_width":"","footnotes":""},"class_list":["post-57369","page","type-page","status-publish","hentry"],"yoast_head":"<!-- This site is optimized with the Yoast SEO plugin v27.4 - https:\/\/yoast.com\/product\/yoast-seo-wordpress\/ -->\n<title>Morgenmad - Narturperlen<\/title>\n<meta name=\"robots\" content=\"index, follow, max-snippet:-1, max-image-preview:large, max-video-preview:-1\" \/>\n<link rel=\"canonical\" href=\"https:\/\/natur-perlen.dk\/en\/morgenmad\/\" \/>\n<meta property=\"og:locale\" content=\"en_US\" \/>\n<meta property=\"og:type\" content=\"article\" \/>\n<meta property=\"og:title\" content=\"Morgenmad - Narturperlen\" \/>\n<meta property=\"og:description\" content=\"VORES L\u00c6KRE MORGENMADS PLATTE Perlen kan med gl\u00e6de tilbyde vores l\u00e6kre morgenmads platte. \u00a0 \u00a0Rugbr\u00f8d, hjemmebagte morgenbr\u00f8d og cookie \u00a0Tallerken med p\u00e5l\u00e6g, ost og friske gr\u00f8ntsager \u00a0M\u00e6lk, yoghurt og juice \u00a0Friske r\u00e5 \u00e6g du selv skal tilberede \u00a0Cornflakes, m\u00fcsli, havregryn og n\u00f8dder \u00a0Marmelade og honning \u00a0Frisk frugt \u00a0 Bestil din morgenmad med det samme, n\u00e5r [&hellip;]\" \/>\n<meta property=\"og:url\" content=\"https:\/\/natur-perlen.dk\/en\/morgenmad\/\" \/>\n<meta property=\"og:site_name\" content=\"Narturperlen\" \/>\n<meta property=\"article:publisher\" content=\"https:\/\/www.facebook.com\/Naturperlen\" \/>\n<meta property=\"article:modified_time\" content=\"2024-04-10T07:11:36+00:00\" \/>\n<meta property=\"og:image\" content=\"https:\/\/natur-perlen.dk\/wp-content\/uploads\/2020\/09\/DJI_0014-kopi.jpg\" \/>\n\t<meta property=\"og:image:width\" content=\"876\" \/>\n\t<meta property=\"og:image:height\" content=\"555\" \/>\n\t<meta property=\"og:image:type\" content=\"image\/jpeg\" \/>\n<meta name=\"twitter:card\" content=\"summary_large_image\" \/>\n<meta name=\"twitter:label1\" content=\"Est. reading time\" \/>\n\t<meta name=\"twitter:data1\" content=\"1 minute\" \/>\n<script type=\"application\/ld+json\" class=\"yoast-schema-graph\">{\"@context\":\"https:\\\/\\\/schema.org\",\"@graph\":[{\"@type\":\"WebPage\",\"@id\":\"https:\\\/\\\/natur-perlen.dk\\\/morgenmad\\\/\",\"url\":\"https:\\\/\\\/natur-perlen.dk\\\/morgenmad\\\/\",\"name\":\"Morgenmad - Narturperlen\",\"isPartOf\":{\"@id\":\"https:\\\/\\\/natur-perlen.dk\\\/#website\"},\"datePublished\":\"2022-11-02T08:52:05+00:00\",\"dateModified\":\"2024-04-10T07:11:36+00:00\",\"breadcrumb\":{\"@id\":\"https:\\\/\\\/natur-perlen.dk\\\/morgenmad\\\/#breadcrumb\"},\"inLanguage\":\"en-US\",\"potentialAction\":[{\"@type\":\"ReadAction\",\"target\":[\"https:\\\/\\\/natur-perlen.dk\\\/morgenmad\\\/\"]}]},{\"@type\":\"BreadcrumbList\",\"@id\":\"https:\\\/\\\/natur-perlen.dk\\\/morgenmad\\\/#breadcrumb\",\"itemListElement\":[{\"@type\":\"ListItem\",\"position\":1,\"name\":\"Hjem\",\"item\":\"https:\\\/\\\/natur-perlen.dk\\\/\"},{\"@type\":\"ListItem\",\"position\":2,\"name\":\"Morgenmad\"}]},{\"@type\":\"WebSite\",\"@id\":\"https:\\\/\\\/natur-perlen.dk\\\/#website\",\"url\":\"https:\\\/\\\/natur-perlen.dk\\\/\",\"name\":\"Narturperlen - Ferielejligheder med udsigt\",\"description\":\"Narturperlen - Ferielejligheder med udsigt\",\"publisher\":{\"@id\":\"https:\\\/\\\/natur-perlen.dk\\\/#organization\"},\"alternateName\":\"Natur-perlen\",\"potentialAction\":[{\"@type\":\"SearchAction\",\"target\":{\"@type\":\"EntryPoint\",\"urlTemplate\":\"https:\\\/\\\/natur-perlen.dk\\\/?s={search_term_string}\"},\"query-input\":{\"@type\":\"PropertyValueSpecification\",\"valueRequired\":true,\"valueName\":\"search_term_string\"}}],\"inLanguage\":\"en-US\"},{\"@type\":\"Organization\",\"@id\":\"https:\\\/\\\/natur-perlen.dk\\\/#organization\",\"name\":\"Narturperlen - Ferielejligheder med udsigt\",\"alternateName\":\"Naturperlen\",\"url\":\"https:\\\/\\\/natur-perlen.dk\\\/\",\"logo\":{\"@type\":\"ImageObject\",\"inLanguage\":\"en-US\",\"@id\":\"https:\\\/\\\/natur-perlen.dk\\\/#\\\/schema\\\/logo\\\/image\\\/\",\"url\":\"https:\\\/\\\/natur-perlen.dk\\\/wp-content\\\/uploads\\\/2020\\\/09\\\/DJI_0014-kopi.jpg\",\"contentUrl\":\"https:\\\/\\\/natur-perlen.dk\\\/wp-content\\\/uploads\\\/2020\\\/09\\\/DJI_0014-kopi.jpg\",\"width\":876,\"height\":555,\"caption\":\"Narturperlen - Ferielejligheder med udsigt\"},\"image\":{\"@id\":\"https:\\\/\\\/natur-perlen.dk\\\/#\\\/schema\\\/logo\\\/image\\\/\"},\"sameAs\":[\"https:\\\/\\\/www.facebook.com\\\/Naturperlen\"]}]}<\/script>\n<!-- \/ Yoast SEO plugin. -->","yoast_head_json":{"title":"Morgenmad - Narturperlen","robots":{"index":"index","follow":"follow","max-snippet":"max-snippet:-1","max-image-preview":"max-image-preview:large","max-video-preview":"max-video-preview:-1"},"canonical":"https:\/\/natur-perlen.dk\/en\/morgenmad\/","og_locale":"en_US","og_type":"article","og_title":"Morgenmad - Narturperlen","og_description":"VORES L\u00c6KRE MORGENMADS PLATTE Perlen kan med gl\u00e6de tilbyde vores l\u00e6kre morgenmads platte. \u00a0 \u00a0Rugbr\u00f8d, hjemmebagte morgenbr\u00f8d og cookie \u00a0Tallerken med p\u00e5l\u00e6g, ost og friske gr\u00f8ntsager \u00a0M\u00e6lk, yoghurt og juice \u00a0Friske r\u00e5 \u00e6g du selv skal tilberede \u00a0Cornflakes, m\u00fcsli, havregryn og n\u00f8dder \u00a0Marmelade og honning \u00a0Frisk frugt \u00a0 Bestil din morgenmad med det samme, n\u00e5r [&hellip;]","og_url":"https:\/\/natur-perlen.dk\/en\/morgenmad\/","og_site_name":"Narturperlen","article_publisher":"https:\/\/www.facebook.com\/Naturperlen","article_modified_time":"2024-04-10T07:11:36+00:00","og_image":[{"width":876,"height":555,"url":"https:\/\/natur-perlen.dk\/wp-content\/uploads\/2020\/09\/DJI_0014-kopi.jpg","type":"image\/jpeg"}],"twitter_card":"summary_large_image","twitter_misc":{"Est. reading time":"1 minute"},"schema":{"@context":"https:\/\/schema.org","@graph":[{"@type":"WebPage","@id":"https:\/\/natur-perlen.dk\/morgenmad\/","url":"https:\/\/natur-perlen.dk\/morgenmad\/","name":"Morgenmad - Narturperlen","isPartOf":{"@id":"https:\/\/natur-perlen.dk\/#website"},"datePublished":"2022-11-02T08:52:05+00:00","dateModified":"2024-04-10T07:11:36+00:00","breadcrumb":{"@id":"https:\/\/natur-perlen.dk\/morgenmad\/#breadcrumb"},"inLanguage":"en-US","potentialAction":[{"@type":"ReadAction","target":["https:\/\/natur-perlen.dk\/morgenmad\/"]}]},{"@type":"BreadcrumbList","@id":"https:\/\/natur-perlen.dk\/morgenmad\/#breadcrumb","itemListElement":[{"@type":"ListItem","position":1,"name":"Hjem","item":"https:\/\/natur-perlen.dk\/"},{"@type":"ListItem","position":2,"name":"Morgenmad"}]},{"@type":"WebSite","@id":"https:\/\/natur-perlen.dk\/#website","url":"https:\/\/natur-perlen.dk\/","name":"Narturperlen - Ferielejligheder med udsigt","description":"Narturperlen - Ferielejligheder med udsigt","publisher":{"@id":"https:\/\/natur-perlen.dk\/#organization"},"alternateName":"Natur-perlen","potentialAction":[{"@type":"SearchAction","target":{"@type":"EntryPoint","urlTemplate":"https:\/\/natur-perlen.dk\/?s={search_term_string}"},"query-input":{"@type":"PropertyValueSpecification","valueRequired":true,"valueName":"search_term_string"}}],"inLanguage":"en-US"},{"@type":"Organization","@id":"https:\/\/natur-perlen.dk\/#organization","name":"Narturperlen - Ferielejligheder med udsigt","alternateName":"Naturperlen","url":"https:\/\/natur-perlen.dk\/","logo":{"@type":"ImageObject","inLanguage":"en-US","@id":"https:\/\/natur-perlen.dk\/#\/schema\/logo\/image\/","url":"https:\/\/natur-perlen.dk\/wp-content\/uploads\/2020\/09\/DJI_0014-kopi.jpg","contentUrl":"https:\/\/natur-perlen.dk\/wp-content\/uploads\/2020\/09\/DJI_0014-kopi.jpg","width":876,"height":555,"caption":"Narturperlen - Ferielejligheder med udsigt"},"image":{"@id":"https:\/\/natur-perlen.dk\/#\/schema\/logo\/image\/"},"sameAs":["https:\/\/www.facebook.com\/Naturperlen"]}]}},"_links":{"self":[{"href":"https:\/\/natur-perlen.dk\/en\/wp-json\/wp\/v2\/pages\/57369","targetHints":{"allow":["GET"]}}],"collection":[{"href":"https:\/\/natur-perlen.dk\/en\/wp-json\/wp\/v2\/pages"}],"about":[{"href":"https:\/\/natur-perlen.dk\/en\/wp-json\/wp\/v2\/types\/page"}],"author":[{"embeddable":true,"href":"https:\/\/natur-perlen.dk\/en\/wp-json\/wp\/v2\/users\/6"}],"replies":[{"embeddable":true,"href":"https:\/\/natur-perlen.dk\/en\/wp-json\/wp\/v2\/comments?post=57369"}],"version-history":[{"count":48,"href":"https:\/\/natur-perlen.dk\/en\/wp-json\/wp\/v2\/pages\/57369\/revisions"}],"predecessor-version":[{"id":58151,"href":"https:\/\/natur-perlen.dk\/en\/wp-json\/wp\/v2\/pages\/57369\/revisions\/58151"}],"wp:attachment":[{"href":"https:\/\/natur-perlen.dk\/en\/wp-json\/wp\/v2\/media?parent=57369"}],"curies":[{"name":"wp","href":"https:\/\/api.w.org\/{rel}","templated":true}]}}