{"id":57734,"date":"2023-09-13T07:50:52","date_gmt":"2023-09-13T07:50:52","guid":{"rendered":"https:\/\/natur-perlen.dk\/?page_id=57734"},"modified":"2024-02-06T09:25:21","modified_gmt":"2024-02-06T09:25:21","slug":"57734-2","status":"publish","type":"page","link":"https:\/\/natur-perlen.dk\/en\/57734-2\/","title":{"rendered":"Trading conditions"},"content":{"rendered":"<p>[et_pb_section fb_built=&#8221;1&#8243; _builder_version=&#8221;4.22.1&#8243; _module_preset=&#8221;default&#8221; global_colors_info=&#8221;{}&#8221;][et_pb_row _builder_version=&#8221;4.22.1&#8243; _module_preset=&#8221;default&#8221; global_colors_info=&#8221;{}&#8221;][et_pb_column type=&#8221;4_4&#8243; _builder_version=&#8221;4.22.1&#8243; _module_preset=&#8221;default&#8221; global_colors_info=&#8221;{}&#8221;][et_pb_blurb title=&#8221;Handelsbetingelser&#8221; _builder_version=&#8221;4.22.1&#8243; _module_preset=&#8221;default&#8221; hover_enabled=&#8221;0&#8243; global_colors_info=&#8221;{}&#8221; custom_padding=&#8221;6px|||||&#8221; sticky_enabled=&#8221;0&#8243;]<\/p>\n<p>Salgs- og leveringsbetingelser<\/p>\n<p>Betaling:<\/p>\n<p>Alle priser oplyst i Naturperlens online bookingsystem er ligesom alle andre steder p\u00e5 hjemmesiden oplyst i danske kroner inclusive moms.<\/p>\n<p>Betaling foreg\u00e5r ved at benytte et af de godkendte betalingskort\/kreditkort i online booking, herunder blandt andet Dankort, Visa, Mastercard, og andre udenlandske kort. Kontanter og mobilpay kan benyttes under opholdet.<br \/>Betalingen kan h\u00e6ves med det samme eller ved ankomst fra g\u00e6stens kreditkort\/betalingsmiddel s\u00e5 snart bestilling er gennemf\u00f8rt.<\/p>\n<p>Informationer om handel p\u00e5 internettet:<\/p>\n<p>Du kan trygt handle p\u00e5 internettet gennem vores online bookingsystem. Du er som forbruger som udgangspunkt sikret i forhold til eventuel misbrug af dit kreditkort p\u00e5 nettet, derfor er der ikke nogen selvrisiko ved misbrug af dit betalingskort via internettet. Du kanl\u00e6se mere om, hvordan du som forbruger skal forholde dig til betalinger p\u00e5 nettet p\u00e5 f\u00f8lgende hjemmesider www.forbrug.dk\/nethandel www.dankort.dk<\/p>\n<p>\u00c6ndring af booking:<\/p>\n<p>For \u00e6ndring af booking skal du kontakte Naturperlen p\u00e5 mail: kontakt@natur-perlen.dk eller tlf. +45 64659255<\/p>\n<p>Levering:<\/p>\n<p>Levering af det bestilte &#8211; sker ved ankomst hos Naturperlen p\u00e5 ankomstdagen &#8211; tidligst kl. 14.00 og afsluttes ved afrejse p\u00e5 afrejsedagen senest kl 11.00 Det bestilte kan ikke overdrages til andre eller ombyttes til kontanter.<\/p>\n<p>Fortrydelsesret og refusion:<\/p>\n<p>Du har mulighed for at annullere din booking p\u00e5 f\u00f8lgende vilk\u00e5r.<br \/>Ved afbestilling senest 4 timer efter booking godtg\u00f8res 100% af prisen<br \/>Ved afbestilling mere end 3 dage f\u00f8r din ankomst godtg\u00f8res 90% af prisen.<br \/>Ved afbestilling senere end 3 dage f\u00f8r ankomst sker der ingen godtg\u00f8relse.<br \/>Er man startet p\u00e5 sit ophold p\u00e5 Naturperlen er den bookede periode bindende og kan ikke overdrages til andre.<\/p>\n<p>Registrering af oplysninger: (GDPR.)<\/p>\n<p>Naturperlen registrerer dit navn, din adresse, din e-mail samt andre oplysninger afgivet i forbindelse med booking i sit kundekartotek. Oplysninger videregives ikke og behandles i overensstemmelse med god databehandlingsskik,og slettes umiddelbart efter ophold.<br \/>Naturperlen anvender overside cookies og en sikker forbindelse til at skabe sikkerheden om de oplysninger som du afgiver p\u00e5 siden.<br \/>Ved betaling med kreditkort sker registrering via en sikker server, hvor oplysningerne krypteres f\u00f8r de sendes over internet.<br \/>Naturperlen tager forbehold for prisfejl i online booking, det er s\u00e5ledes altid de oplyste priser p\u00e5 hjemmesiden der er g\u00e6ldende.<\/p>\n<p>Reklamationsbehandling:<\/p>\n<p>Hvis du af en eller anden grund ikke modtager din bookingafatale, som bekr\u00e6fter dit k\u00f8b, og du ikke har modtaget en fejlmeddelelse fra systemet, s\u00e5 kan du skrive til nedest\u00e5ende adresse eller telefonnummer.<br \/>Klager over bookingforl\u00f8bet, selve bookingen eller produktet (opholdet) skal ske indenfor rimelig tid efter du har opdaget fejlen eller burde have opdaget fejlen ved almindelig gennemgang af din aftale. Du kan klage skriftlig eller mundligt. \u00c9t \u00e5r efter modtagelsen af ydelsen (opholdet) oph\u00f8rer retten til at klage i henhold til K\u00f8belovens \u00a7 83 stk.1 medmindre andet er aftalt.<br \/>N\u00e5r Naturperlen modtager dil klage over et ophold, behandles klagen hurtigst muligt. Naturperlen vil tage stilling til om den modtagne ydelse ska refunderes, ombyttes eller om der skal gives prisnedslag.<\/p>\n<p>Virksomhedsoplysninger:<\/p>\n<p>Naturperlen ApS<br \/>S\u00f8nder Havvej 11<br \/>6230 R\u00f8dekro<br \/>e-mail. kontakt@natur-perlen.dk<br \/>Telefon 64659255 &#8211; Mobil 20234265<\/p>\n<p>[\/et_pb_blurb][\/et_pb_column][\/et_pb_row][\/et_pb_section]<\/p>\n","protected":false},"excerpt":{"rendered":"<p>Salgs- og leveringsbetingelser Betaling: Alle priser oplyst i Naturperlens online bookingsystem er ligesom alle andre steder p\u00e5 hjemmesiden oplyst i danske kroner inclusive moms. Betaling foreg\u00e5r ved at benytte et af de godkendte betalingskort\/kreditkort i online booking, herunder blandt andet Dankort, Visa, Mastercard, og andre udenlandske kort. Kontanter og mobilpay kan benyttes under opholdet.Betalingen kan [&hellip;]<\/p>\n","protected":false},"author":6,"featured_media":0,"parent":0,"menu_order":0,"comment_status":"closed","ping_status":"closed","template":"","meta":{"_et_pb_use_builder":"on","_et_pb_old_content":"","_et_gb_content_width":"","footnotes":""},"class_list":["post-57734","page","type-page","status-publish","hentry"],"yoast_head":"<!-- This site is optimized with the Yoast SEO plugin v27.4 - https:\/\/yoast.com\/product\/yoast-seo-wordpress\/ -->\n<title>Handelsbetingelser - Narturperlen<\/title>\n<meta name=\"robots\" content=\"index, follow, max-snippet:-1, max-image-preview:large, max-video-preview:-1\" \/>\n<link rel=\"canonical\" href=\"https:\/\/natur-perlen.dk\/en\/57734-2\/\" \/>\n<meta property=\"og:locale\" content=\"en_US\" \/>\n<meta property=\"og:type\" content=\"article\" \/>\n<meta property=\"og:title\" content=\"Handelsbetingelser - Narturperlen\" \/>\n<meta property=\"og:description\" content=\"Salgs- og leveringsbetingelser Betaling: Alle priser oplyst i Naturperlens online bookingsystem er ligesom alle andre steder p\u00e5 hjemmesiden oplyst i danske kroner inclusive moms. Betaling foreg\u00e5r ved at benytte et af de godkendte betalingskort\/kreditkort i online booking, herunder blandt andet Dankort, Visa, Mastercard, og andre udenlandske kort. Kontanter og mobilpay kan benyttes under opholdet.Betalingen kan [&hellip;]\" \/>\n<meta property=\"og:url\" content=\"https:\/\/natur-perlen.dk\/en\/57734-2\/\" \/>\n<meta property=\"og:site_name\" content=\"Narturperlen\" \/>\n<meta property=\"article:publisher\" content=\"https:\/\/www.facebook.com\/Naturperlen\" \/>\n<meta property=\"article:modified_time\" content=\"2024-02-06T09:25:21+00:00\" \/>\n<meta property=\"og:image\" content=\"https:\/\/natur-perlen.dk\/wp-content\/uploads\/2020\/09\/DJI_0014-kopi.jpg\" \/>\n\t<meta property=\"og:image:width\" content=\"876\" \/>\n\t<meta property=\"og:image:height\" content=\"555\" \/>\n\t<meta property=\"og:image:type\" content=\"image\/jpeg\" \/>\n<meta name=\"twitter:card\" content=\"summary_large_image\" \/>\n<script type=\"application\/ld+json\" class=\"yoast-schema-graph\">{\"@context\":\"https:\\\/\\\/schema.org\",\"@graph\":[{\"@type\":\"WebPage\",\"@id\":\"https:\\\/\\\/natur-perlen.dk\\\/57734-2\\\/\",\"url\":\"https:\\\/\\\/natur-perlen.dk\\\/57734-2\\\/\",\"name\":\"Handelsbetingelser - Narturperlen\",\"isPartOf\":{\"@id\":\"https:\\\/\\\/natur-perlen.dk\\\/#website\"},\"datePublished\":\"2023-09-13T07:50:52+00:00\",\"dateModified\":\"2024-02-06T09:25:21+00:00\",\"breadcrumb\":{\"@id\":\"https:\\\/\\\/natur-perlen.dk\\\/57734-2\\\/#breadcrumb\"},\"inLanguage\":\"en-US\",\"potentialAction\":[{\"@type\":\"ReadAction\",\"target\":[\"https:\\\/\\\/natur-perlen.dk\\\/57734-2\\\/\"]}]},{\"@type\":\"BreadcrumbList\",\"@id\":\"https:\\\/\\\/natur-perlen.dk\\\/57734-2\\\/#breadcrumb\",\"itemListElement\":[{\"@type\":\"ListItem\",\"position\":1,\"name\":\"Hjem\",\"item\":\"https:\\\/\\\/natur-perlen.dk\\\/\"},{\"@type\":\"ListItem\",\"position\":2,\"name\":\"Handelsbetingelser\"}]},{\"@type\":\"WebSite\",\"@id\":\"https:\\\/\\\/natur-perlen.dk\\\/#website\",\"url\":\"https:\\\/\\\/natur-perlen.dk\\\/\",\"name\":\"Narturperlen - Ferielejligheder med udsigt\",\"description\":\"Narturperlen - Ferielejligheder med udsigt\",\"publisher\":{\"@id\":\"https:\\\/\\\/natur-perlen.dk\\\/#organization\"},\"alternateName\":\"Natur-perlen\",\"potentialAction\":[{\"@type\":\"SearchAction\",\"target\":{\"@type\":\"EntryPoint\",\"urlTemplate\":\"https:\\\/\\\/natur-perlen.dk\\\/?s={search_term_string}\"},\"query-input\":{\"@type\":\"PropertyValueSpecification\",\"valueRequired\":true,\"valueName\":\"search_term_string\"}}],\"inLanguage\":\"en-US\"},{\"@type\":\"Organization\",\"@id\":\"https:\\\/\\\/natur-perlen.dk\\\/#organization\",\"name\":\"Narturperlen - Ferielejligheder med udsigt\",\"alternateName\":\"Naturperlen\",\"url\":\"https:\\\/\\\/natur-perlen.dk\\\/\",\"logo\":{\"@type\":\"ImageObject\",\"inLanguage\":\"en-US\",\"@id\":\"https:\\\/\\\/natur-perlen.dk\\\/#\\\/schema\\\/logo\\\/image\\\/\",\"url\":\"https:\\\/\\\/natur-perlen.dk\\\/wp-content\\\/uploads\\\/2020\\\/09\\\/DJI_0014-kopi.jpg\",\"contentUrl\":\"https:\\\/\\\/natur-perlen.dk\\\/wp-content\\\/uploads\\\/2020\\\/09\\\/DJI_0014-kopi.jpg\",\"width\":876,\"height\":555,\"caption\":\"Narturperlen - Ferielejligheder med udsigt\"},\"image\":{\"@id\":\"https:\\\/\\\/natur-perlen.dk\\\/#\\\/schema\\\/logo\\\/image\\\/\"},\"sameAs\":[\"https:\\\/\\\/www.facebook.com\\\/Naturperlen\"]}]}<\/script>\n<!-- \/ Yoast SEO plugin. -->","yoast_head_json":{"title":"Handelsbetingelser - Narturperlen","robots":{"index":"index","follow":"follow","max-snippet":"max-snippet:-1","max-image-preview":"max-image-preview:large","max-video-preview":"max-video-preview:-1"},"canonical":"https:\/\/natur-perlen.dk\/en\/57734-2\/","og_locale":"en_US","og_type":"article","og_title":"Handelsbetingelser - Narturperlen","og_description":"Salgs- og leveringsbetingelser Betaling: Alle priser oplyst i Naturperlens online bookingsystem er ligesom alle andre steder p\u00e5 hjemmesiden oplyst i danske kroner inclusive moms. Betaling foreg\u00e5r ved at benytte et af de godkendte betalingskort\/kreditkort i online booking, herunder blandt andet Dankort, Visa, Mastercard, og andre udenlandske kort. Kontanter og mobilpay kan benyttes under opholdet.Betalingen kan [&hellip;]","og_url":"https:\/\/natur-perlen.dk\/en\/57734-2\/","og_site_name":"Narturperlen","article_publisher":"https:\/\/www.facebook.com\/Naturperlen","article_modified_time":"2024-02-06T09:25:21+00:00","og_image":[{"width":876,"height":555,"url":"https:\/\/natur-perlen.dk\/wp-content\/uploads\/2020\/09\/DJI_0014-kopi.jpg","type":"image\/jpeg"}],"twitter_card":"summary_large_image","schema":{"@context":"https:\/\/schema.org","@graph":[{"@type":"WebPage","@id":"https:\/\/natur-perlen.dk\/57734-2\/","url":"https:\/\/natur-perlen.dk\/57734-2\/","name":"Handelsbetingelser - Narturperlen","isPartOf":{"@id":"https:\/\/natur-perlen.dk\/#website"},"datePublished":"2023-09-13T07:50:52+00:00","dateModified":"2024-02-06T09:25:21+00:00","breadcrumb":{"@id":"https:\/\/natur-perlen.dk\/57734-2\/#breadcrumb"},"inLanguage":"en-US","potentialAction":[{"@type":"ReadAction","target":["https:\/\/natur-perlen.dk\/57734-2\/"]}]},{"@type":"BreadcrumbList","@id":"https:\/\/natur-perlen.dk\/57734-2\/#breadcrumb","itemListElement":[{"@type":"ListItem","position":1,"name":"Hjem","item":"https:\/\/natur-perlen.dk\/"},{"@type":"ListItem","position":2,"name":"Handelsbetingelser"}]},{"@type":"WebSite","@id":"https:\/\/natur-perlen.dk\/#website","url":"https:\/\/natur-perlen.dk\/","name":"Narturperlen - Ferielejligheder med udsigt","description":"Narturperlen - Ferielejligheder med udsigt","publisher":{"@id":"https:\/\/natur-perlen.dk\/#organization"},"alternateName":"Natur-perlen","potentialAction":[{"@type":"SearchAction","target":{"@type":"EntryPoint","urlTemplate":"https:\/\/natur-perlen.dk\/?s={search_term_string}"},"query-input":{"@type":"PropertyValueSpecification","valueRequired":true,"valueName":"search_term_string"}}],"inLanguage":"en-US"},{"@type":"Organization","@id":"https:\/\/natur-perlen.dk\/#organization","name":"Narturperlen - Ferielejligheder med udsigt","alternateName":"Naturperlen","url":"https:\/\/natur-perlen.dk\/","logo":{"@type":"ImageObject","inLanguage":"en-US","@id":"https:\/\/natur-perlen.dk\/#\/schema\/logo\/image\/","url":"https:\/\/natur-perlen.dk\/wp-content\/uploads\/2020\/09\/DJI_0014-kopi.jpg","contentUrl":"https:\/\/natur-perlen.dk\/wp-content\/uploads\/2020\/09\/DJI_0014-kopi.jpg","width":876,"height":555,"caption":"Narturperlen - Ferielejligheder med udsigt"},"image":{"@id":"https:\/\/natur-perlen.dk\/#\/schema\/logo\/image\/"},"sameAs":["https:\/\/www.facebook.com\/Naturperlen"]}]}},"_links":{"self":[{"href":"https:\/\/natur-perlen.dk\/en\/wp-json\/wp\/v2\/pages\/57734","targetHints":{"allow":["GET"]}}],"collection":[{"href":"https:\/\/natur-perlen.dk\/en\/wp-json\/wp\/v2\/pages"}],"about":[{"href":"https:\/\/natur-perlen.dk\/en\/wp-json\/wp\/v2\/types\/page"}],"author":[{"embeddable":true,"href":"https:\/\/natur-perlen.dk\/en\/wp-json\/wp\/v2\/users\/6"}],"replies":[{"embeddable":true,"href":"https:\/\/natur-perlen.dk\/en\/wp-json\/wp\/v2\/comments?post=57734"}],"version-history":[{"count":6,"href":"https:\/\/natur-perlen.dk\/en\/wp-json\/wp\/v2\/pages\/57734\/revisions"}],"predecessor-version":[{"id":58029,"href":"https:\/\/natur-perlen.dk\/en\/wp-json\/wp\/v2\/pages\/57734\/revisions\/58029"}],"wp:attachment":[{"href":"https:\/\/natur-perlen.dk\/en\/wp-json\/wp\/v2\/media?parent=57734"}],"curies":[{"name":"wp","href":"https:\/\/api.w.org\/{rel}","templated":true}]}}