{"id":947,"date":"2021-11-17T07:44:10","date_gmt":"2021-11-17T07:44:10","guid":{"rendered":"https:\/\/natur-perlen.dk\/?page_id=947"},"modified":"2025-02-07T08:45:37","modified_gmt":"2025-02-07T08:45:37","slug":"forretning","status":"publish","type":"page","link":"https:\/\/natur-perlen.dk\/en\/forretning\/","title":{"rendered":"Business"},"content":{"rendered":"<p>[et_pb_section fb_built=&#8221;1&#8243; _builder_version=&#8221;4.5.6&#8243; _module_preset=&#8221;default&#8221; background_image=&#8221;https:\/\/natur-perlen.dk\/wp-content\/uploads\/2020\/08\/backgroundpicture.jpg&#8221; parallax=&#8221;on&#8221; parallax_method=&#8221;off&#8221; custom_margin=&#8221;|2%|0px|2%|false|true&#8221; custom_padding=&#8221;0px||0px||false|false&#8221; border_color_top=&#8221;#669933&#8243; global_module=&#8221;584&#8243; collapsed=&#8221;off&#8221; global_colors_info=&#8221;{}&#8221;][et_pb_row _builder_version=&#8221;4.16&#8243; _module_preset=&#8221;default&#8221; global_colors_info=&#8221;{}&#8221;][et_pb_column type=&#8221;4_4&#8243; _builder_version=&#8221;4.16&#8243; _module_preset=&#8221;default&#8221; global_colors_info=&#8221;{}&#8221;][et_pb_divider show_divider=&#8221;off&#8221; _builder_version=&#8221;4.16&#8243; _module_preset=&#8221;default&#8221; custom_padding=&#8221;50px||50px||true|false&#8221; global_colors_info=&#8221;{}&#8221;][\/et_pb_divider][\/et_pb_column][\/et_pb_row][\/et_pb_section][et_pb_section fb_built=&#8221;1&#8243; _builder_version=&#8221;4.16&#8243; background_color=&#8221;#eff7f0&#8243; background_enable_image=&#8221;off&#8221; background_size=&#8221;initial&#8221; background_repeat=&#8221;repeat&#8221; custom_margin=&#8221;|2%|2%|2%|false|true&#8221; custom_padding=&#8221;110px||30px||false|false&#8221; global_colors_info=&#8221;{}&#8221;][et_pb_row column_structure=&#8221;1_2,1_2&#8243; use_custom_gutter=&#8221;on&#8221; gutter_width=&#8221;2&#8243; make_equal=&#8221;on&#8221; _builder_version=&#8221;4.21.0&#8243; _module_preset=&#8221;default&#8221; width=&#8221;96%&#8221; width_tablet=&#8221;90%&#8221; width_phone=&#8221;90%&#8221; width_last_edited=&#8221;on|phone&#8221; max_width=&#8221;1300px&#8221; max_width_tablet=&#8221;90%&#8221; max_width_phone=&#8221;90%&#8221; max_width_last_edited=&#8221;on|tablet&#8221; custom_margin=&#8221;|auto|45px|auto|false|false&#8221; custom_padding=&#8221;0px|||||&#8221; global_colors_info=&#8221;{}&#8221;][et_pb_column type=&#8221;1_2&#8243; _builder_version=&#8221;4.16&#8243; _module_preset=&#8221;default&#8221; animation_style=&#8221;slide&#8221; animation_direction=&#8221;left&#8221; animation_delay=&#8221;200ms&#8221; animation_intensity_slide=&#8221;25%&#8221; global_colors_info=&#8221;{}&#8221;][et_pb_text _builder_version=&#8221;4.16&#8243; _module_preset=&#8221;d24f97e9-dc55-4b88-974a-50c38cc11ebf&#8221; animation_style=&#8221;none&#8221; global_colors_info=&#8221;{}&#8221;]<\/p>\n<h2>For\u00a0<\/h2>\n<h2>forretningsrejsende<\/h2>\n<p>[\/et_pb_text][et_pb_text _builder_version=&#8221;4.16&#8243; _module_preset=&#8221;1775bb8e-3404-4d95-8d49-944d1577bf91&#8243; text_orientation=&#8221;center&#8221; animation_style=&#8221;none&#8221; global_colors_info=&#8221;{}&#8221;]<\/p>\n<p>G\u00f8r din rejse enkel og effektiv med en firmaaftale<\/p>\n<p>[\/et_pb_text][et_pb_text _builder_version=&#8221;4.27.4&#8243; _module_preset=&#8221;default&#8221; animation_style=&#8221;none&#8221; hover_enabled=&#8221;0&#8243; global_colors_info=&#8221;{}&#8221; sticky_enabled=&#8221;0&#8243;]<\/p>\n<p>P\u00e5 Naturperlen garanterer vi h\u00f8j kvalitet og effektivitet, s\u00e5 du og\/eller dine medarbejdere hurtigt kan checke ind, smide f\u00f8dderne op og nyde udsigten efter en lang arbejdsdag.<\/p>\n<p>Vores firmag\u00e6ster nyder is\u00e6r godt af:<\/p>\n<ul>\n<li>24 timers check in<\/li>\n<li>Hurtigt WiFi<\/li>\n<li>Mulighed for komfortabel arbejdsplads p\u00e5 v\u00e6relset \/ i lejlighed<\/li>\n<li>Vores beliggenhed t\u00e6t p\u00e5 E45 og hurtig adgang til de S\u00f8nderjyske hovedbyer<\/li>\n<\/ul>\n<p>Kontakt os p\u00e5 64659255 eller <a href=\"mailto:kontakt@natur-perlen.dk\">kontakt@natur-perlen.dk<\/a> hvis du \u00f8nsker at oprette en firmaaftale.<\/p>\n<p>[\/et_pb_text][\/et_pb_column][et_pb_column type=&#8221;1_2&#8243; _builder_version=&#8221;4.21.0&#8243; _module_preset=&#8221;default&#8221; background_image=&#8221;https:\/\/natur-perlen.dk\/wp-content\/uploads\/2023\/06\/Mit-projekt-1.jpg&#8221; background_position=&#8221;bottom_right&#8221; animation_style=&#8221;fade&#8221; global_colors_info=&#8221;{}&#8221;][\/et_pb_column][\/et_pb_row][\/et_pb_section]<\/p>\n","protected":false},"excerpt":{"rendered":"<p>For\u00a0 forretningsrejsendeG\u00f8r din rejse enkel og effektiv med en firmaaftaleP\u00e5 Naturperlen garanterer vi h\u00f8j kvalitet og effektivitet, s\u00e5 du og\/eller dine medarbejdere hurtigt kan checke ind, smide f\u00f8dderne op og nyde udsigten efter en lang arbejdsdag. Vores firmag\u00e6ster nyder is\u00e6r godt af: 24 timers check in Hurtigt WiFi Mulighed for komfortabel arbejdsplads p\u00e5 v\u00e6relset \/ [&hellip;]<\/p>\n","protected":false},"author":1,"featured_media":0,"parent":0,"menu_order":0,"comment_status":"closed","ping_status":"closed","template":"","meta":{"_et_pb_use_builder":"on","_et_pb_old_content":"","_et_gb_content_width":"","footnotes":""},"class_list":["post-947","page","type-page","status-publish","hentry"],"yoast_head":"<!-- This site is optimized with the Yoast SEO plugin v27.4 - https:\/\/yoast.com\/product\/yoast-seo-wordpress\/ -->\n<title>Naturperlen - forretningsrejsende<\/title>\n<meta name=\"description\" content=\"Nyd roen efter en lang arbejdsdag. Check hurtigt ind\/ud, 24 timer i d\u00f8gnet. Vi garantere hurtigt WiFi og parkering. Vi ligger t\u00e6t p\u00e5 E45.\" \/>\n<meta name=\"robots\" content=\"index, follow, max-snippet:-1, max-image-preview:large, max-video-preview:-1\" \/>\n<link rel=\"canonical\" href=\"https:\/\/natur-perlen.dk\/en\/forretning\/\" \/>\n<meta property=\"og:locale\" content=\"en_US\" \/>\n<meta property=\"og:type\" content=\"article\" \/>\n<meta property=\"og:title\" content=\"Naturperlen - forretningsrejsende\" \/>\n<meta property=\"og:description\" content=\"Nyd roen efter en lang arbejdsdag. Check hurtigt ind\/ud, 24 timer i d\u00f8gnet. Vi garantere hurtigt WiFi og parkering. Vi ligger t\u00e6t p\u00e5 E45.\" \/>\n<meta property=\"og:url\" content=\"https:\/\/natur-perlen.dk\/en\/forretning\/\" \/>\n<meta property=\"og:site_name\" content=\"Narturperlen\" \/>\n<meta property=\"article:publisher\" content=\"https:\/\/www.facebook.com\/Naturperlen\" \/>\n<meta property=\"article:modified_time\" content=\"2025-02-07T08:45:37+00:00\" \/>\n<meta property=\"og:image\" content=\"https:\/\/natur-perlen.dk\/wp-content\/uploads\/2020\/09\/DJI_0014-kopi.jpg\" \/>\n\t<meta property=\"og:image:width\" content=\"876\" \/>\n\t<meta property=\"og:image:height\" content=\"555\" \/>\n\t<meta property=\"og:image:type\" content=\"image\/jpeg\" \/>\n<meta name=\"twitter:card\" content=\"summary_large_image\" \/>\n<meta name=\"twitter:label1\" content=\"Est. reading time\" \/>\n\t<meta name=\"twitter:data1\" content=\"1 minute\" \/>\n<script type=\"application\/ld+json\" class=\"yoast-schema-graph\">{\"@context\":\"https:\\\/\\\/schema.org\",\"@graph\":[{\"@type\":\"WebPage\",\"@id\":\"https:\\\/\\\/natur-perlen.dk\\\/forretning\\\/\",\"url\":\"https:\\\/\\\/natur-perlen.dk\\\/forretning\\\/\",\"name\":\"Naturperlen - forretningsrejsende\",\"isPartOf\":{\"@id\":\"https:\\\/\\\/natur-perlen.dk\\\/#website\"},\"datePublished\":\"2021-11-17T07:44:10+00:00\",\"dateModified\":\"2025-02-07T08:45:37+00:00\",\"description\":\"Nyd roen efter en lang arbejdsdag. Check hurtigt ind\\\/ud, 24 timer i d\u00f8gnet. Vi garantere hurtigt WiFi og parkering. Vi ligger t\u00e6t p\u00e5 E45.\",\"breadcrumb\":{\"@id\":\"https:\\\/\\\/natur-perlen.dk\\\/forretning\\\/#breadcrumb\"},\"inLanguage\":\"en-US\",\"potentialAction\":[{\"@type\":\"ReadAction\",\"target\":[\"https:\\\/\\\/natur-perlen.dk\\\/forretning\\\/\"]}]},{\"@type\":\"BreadcrumbList\",\"@id\":\"https:\\\/\\\/natur-perlen.dk\\\/forretning\\\/#breadcrumb\",\"itemListElement\":[{\"@type\":\"ListItem\",\"position\":1,\"name\":\"Hjem\",\"item\":\"https:\\\/\\\/natur-perlen.dk\\\/\"},{\"@type\":\"ListItem\",\"position\":2,\"name\":\"Forretning\"}]},{\"@type\":\"WebSite\",\"@id\":\"https:\\\/\\\/natur-perlen.dk\\\/#website\",\"url\":\"https:\\\/\\\/natur-perlen.dk\\\/\",\"name\":\"Narturperlen - Ferielejligheder med udsigt\",\"description\":\"Narturperlen - Ferielejligheder med udsigt\",\"publisher\":{\"@id\":\"https:\\\/\\\/natur-perlen.dk\\\/#organization\"},\"alternateName\":\"Natur-perlen\",\"potentialAction\":[{\"@type\":\"SearchAction\",\"target\":{\"@type\":\"EntryPoint\",\"urlTemplate\":\"https:\\\/\\\/natur-perlen.dk\\\/?s={search_term_string}\"},\"query-input\":{\"@type\":\"PropertyValueSpecification\",\"valueRequired\":true,\"valueName\":\"search_term_string\"}}],\"inLanguage\":\"en-US\"},{\"@type\":\"Organization\",\"@id\":\"https:\\\/\\\/natur-perlen.dk\\\/#organization\",\"name\":\"Narturperlen - Ferielejligheder med udsigt\",\"alternateName\":\"Naturperlen\",\"url\":\"https:\\\/\\\/natur-perlen.dk\\\/\",\"logo\":{\"@type\":\"ImageObject\",\"inLanguage\":\"en-US\",\"@id\":\"https:\\\/\\\/natur-perlen.dk\\\/#\\\/schema\\\/logo\\\/image\\\/\",\"url\":\"https:\\\/\\\/natur-perlen.dk\\\/wp-content\\\/uploads\\\/2020\\\/09\\\/DJI_0014-kopi.jpg\",\"contentUrl\":\"https:\\\/\\\/natur-perlen.dk\\\/wp-content\\\/uploads\\\/2020\\\/09\\\/DJI_0014-kopi.jpg\",\"width\":876,\"height\":555,\"caption\":\"Narturperlen - Ferielejligheder med udsigt\"},\"image\":{\"@id\":\"https:\\\/\\\/natur-perlen.dk\\\/#\\\/schema\\\/logo\\\/image\\\/\"},\"sameAs\":[\"https:\\\/\\\/www.facebook.com\\\/Naturperlen\"]}]}<\/script>\n<!-- \/ Yoast SEO plugin. -->","yoast_head_json":{"title":"Naturperlen - forretningsrejsende","description":"Nyd roen efter en lang arbejdsdag. Check hurtigt ind\/ud, 24 timer i d\u00f8gnet. Vi garantere hurtigt WiFi og parkering. Vi ligger t\u00e6t p\u00e5 E45.","robots":{"index":"index","follow":"follow","max-snippet":"max-snippet:-1","max-image-preview":"max-image-preview:large","max-video-preview":"max-video-preview:-1"},"canonical":"https:\/\/natur-perlen.dk\/en\/forretning\/","og_locale":"en_US","og_type":"article","og_title":"Naturperlen - forretningsrejsende","og_description":"Nyd roen efter en lang arbejdsdag. Check hurtigt ind\/ud, 24 timer i d\u00f8gnet. Vi garantere hurtigt WiFi og parkering. Vi ligger t\u00e6t p\u00e5 E45.","og_url":"https:\/\/natur-perlen.dk\/en\/forretning\/","og_site_name":"Narturperlen","article_publisher":"https:\/\/www.facebook.com\/Naturperlen","article_modified_time":"2025-02-07T08:45:37+00:00","og_image":[{"width":876,"height":555,"url":"https:\/\/natur-perlen.dk\/wp-content\/uploads\/2020\/09\/DJI_0014-kopi.jpg","type":"image\/jpeg"}],"twitter_card":"summary_large_image","twitter_misc":{"Est. reading time":"1 minute"},"schema":{"@context":"https:\/\/schema.org","@graph":[{"@type":"WebPage","@id":"https:\/\/natur-perlen.dk\/forretning\/","url":"https:\/\/natur-perlen.dk\/forretning\/","name":"Naturperlen - forretningsrejsende","isPartOf":{"@id":"https:\/\/natur-perlen.dk\/#website"},"datePublished":"2021-11-17T07:44:10+00:00","dateModified":"2025-02-07T08:45:37+00:00","description":"Nyd roen efter en lang arbejdsdag. Check hurtigt ind\/ud, 24 timer i d\u00f8gnet. Vi garantere hurtigt WiFi og parkering. Vi ligger t\u00e6t p\u00e5 E45.","breadcrumb":{"@id":"https:\/\/natur-perlen.dk\/forretning\/#breadcrumb"},"inLanguage":"en-US","potentialAction":[{"@type":"ReadAction","target":["https:\/\/natur-perlen.dk\/forretning\/"]}]},{"@type":"BreadcrumbList","@id":"https:\/\/natur-perlen.dk\/forretning\/#breadcrumb","itemListElement":[{"@type":"ListItem","position":1,"name":"Hjem","item":"https:\/\/natur-perlen.dk\/"},{"@type":"ListItem","position":2,"name":"Forretning"}]},{"@type":"WebSite","@id":"https:\/\/natur-perlen.dk\/#website","url":"https:\/\/natur-perlen.dk\/","name":"Narturperlen - Ferielejligheder med udsigt","description":"Narturperlen - Ferielejligheder med udsigt","publisher":{"@id":"https:\/\/natur-perlen.dk\/#organization"},"alternateName":"Natur-perlen","potentialAction":[{"@type":"SearchAction","target":{"@type":"EntryPoint","urlTemplate":"https:\/\/natur-perlen.dk\/?s={search_term_string}"},"query-input":{"@type":"PropertyValueSpecification","valueRequired":true,"valueName":"search_term_string"}}],"inLanguage":"en-US"},{"@type":"Organization","@id":"https:\/\/natur-perlen.dk\/#organization","name":"Narturperlen - Ferielejligheder med udsigt","alternateName":"Naturperlen","url":"https:\/\/natur-perlen.dk\/","logo":{"@type":"ImageObject","inLanguage":"en-US","@id":"https:\/\/natur-perlen.dk\/#\/schema\/logo\/image\/","url":"https:\/\/natur-perlen.dk\/wp-content\/uploads\/2020\/09\/DJI_0014-kopi.jpg","contentUrl":"https:\/\/natur-perlen.dk\/wp-content\/uploads\/2020\/09\/DJI_0014-kopi.jpg","width":876,"height":555,"caption":"Narturperlen - Ferielejligheder med udsigt"},"image":{"@id":"https:\/\/natur-perlen.dk\/#\/schema\/logo\/image\/"},"sameAs":["https:\/\/www.facebook.com\/Naturperlen"]}]}},"_links":{"self":[{"href":"https:\/\/natur-perlen.dk\/en\/wp-json\/wp\/v2\/pages\/947","targetHints":{"allow":["GET"]}}],"collection":[{"href":"https:\/\/natur-perlen.dk\/en\/wp-json\/wp\/v2\/pages"}],"about":[{"href":"https:\/\/natur-perlen.dk\/en\/wp-json\/wp\/v2\/types\/page"}],"author":[{"embeddable":true,"href":"https:\/\/natur-perlen.dk\/en\/wp-json\/wp\/v2\/users\/1"}],"replies":[{"embeddable":true,"href":"https:\/\/natur-perlen.dk\/en\/wp-json\/wp\/v2\/comments?post=947"}],"version-history":[{"count":16,"href":"https:\/\/natur-perlen.dk\/en\/wp-json\/wp\/v2\/pages\/947\/revisions"}],"predecessor-version":[{"id":58323,"href":"https:\/\/natur-perlen.dk\/en\/wp-json\/wp\/v2\/pages\/947\/revisions\/58323"}],"wp:attachment":[{"href":"https:\/\/natur-perlen.dk\/en\/wp-json\/wp\/v2\/media?parent=947"}],"curies":[{"name":"wp","href":"https:\/\/api.w.org\/{rel}","templated":true}]}}